{"id":2813,"date":"2020-10-27T10:13:49","date_gmt":"2019-05-04T10:13:49","guid":{"rendered":"http:\/\/teddybear.rs\/shop\/nem-kategorizalt\/teddy-bear-black-30-ruza\/"},"modified":"2020-11-02T16:18:06","modified_gmt":"2020-11-02T16:18:06","slug":"teddy-bear-black-30-ruza","status":"publish","type":"product","link":"https:\/\/teddybear.rs\/hu\/shop\/black-csokrok\/teddy-bear-black-30-ruza\/","title":{"rendered":"Teddy Bear BLACK \u00ae 25 r\u00f3zsa"},"content":{"rendered":"<p><strong>Teddy Bear BLACK \u00ae<\/strong> a k\u00e9k v\u00f6r\u00f6s r\u00f3zs\u00e1t tartalmaz.<\/p>\n","protected":false},"excerpt":{"rendered":"<p>Teddy Bear BLACK \u00ae a k\u00e9k v\u00f6r\u00f6s r\u00f3zs\u00e1t tartalmaz.<\/p>\n","protected":false},"featured_media":2235,"template":"","meta":[],"product_brand":[],"product_cat":[187],"product_tag":[],"class_list":{"0":"post-2813","1":"product","2":"type-product","3":"status-publish","4":"has-post-thumbnail","6":"product_cat-black-csokrok","8":"first","9":"instock","10":"shipping-taxable","11":"purchasable","12":"product-type-simple"},"_links":{"self":[{"href":"https:\/\/teddybear.rs\/hu\/wp-json\/wp\/v2\/product\/2813","targetHints":{"allow":["GET"]}}],"collection":[{"href":"https:\/\/teddybear.rs\/hu\/wp-json\/wp\/v2\/product"}],"about":[{"href":"https:\/\/teddybear.rs\/hu\/wp-json\/wp\/v2\/types\/product"}],"wp:featuredmedia":[{"embeddable":true,"href":"https:\/\/teddybear.rs\/hu\/wp-json\/wp\/v2\/media\/2235"}],"wp:attachment":[{"href":"https:\/\/teddybear.rs\/hu\/wp-json\/wp\/v2\/media?parent=2813"}],"wp:term":[{"taxonomy":"product_brand","embeddable":true,"href":"https:\/\/teddybear.rs\/hu\/wp-json\/wp\/v2\/product_brand?post=2813"},{"taxonomy":"product_cat","embeddable":true,"href":"https:\/\/teddybear.rs\/hu\/wp-json\/wp\/v2\/product_cat?post=2813"},{"taxonomy":"product_tag","embeddable":true,"href":"https:\/\/teddybear.rs\/hu\/wp-json\/wp\/v2\/product_tag?post=2813"}],"curies":[{"name":"wp","href":"https:\/\/api.w.org\/{rel}","templated":true}]}}