{"id":2740,"date":"2018-10-18T21:45:23","date_gmt":"2018-10-18T21:45:23","guid":{"rendered":"http:\/\/teddybear.rs\/shop\/nem-kategorizalt\/tb-1m-white-whith-love-heart\/"},"modified":"2019-07-31T17:59:35","modified_gmt":"2019-07-31T17:59:35","slug":"tb-1m-white-whith-love-heart","status":"publish","type":"product","link":"https:\/\/teddybear.rs\/hu\/shop\/pluss-mackok\/tb-1m-white-whith-love-heart\/","title":{"rendered":"TB 1m White whith Love Heart\u00ae"},"content":{"rendered":"<p>1m feh\u00e9r mack\u00f3, v\u00f6r\u00f6s mack\u00f3\u00ae mack\u00f3val az \u00f6l\u00e9ben. Ide\u00e1lis aj\u00e1nd\u00e9k szerelmi meglepet\u00e9shez!<\/p>\n","protected":false},"excerpt":{"rendered":"<p>1m feh\u00e9r mack\u00f3, v\u00f6r\u00f6s mack\u00f3\u00ae mack\u00f3val az \u00f6l\u00e9ben. Ide\u00e1lis aj\u00e1nd\u00e9k szerelmi meglepet\u00e9shez!<\/p>\n","protected":false},"featured_media":2741,"template":"","meta":[],"product_brand":[],"product_cat":[193,111],"product_tag":[],"class_list":{"0":"post-2740","1":"product","2":"type-product","3":"status-publish","4":"has-post-thumbnail","6":"product_cat-pluss-mackok","7":"product_cat-teddy-bear-plisane-mede-2","9":"first","10":"instock","11":"shipping-taxable","12":"purchasable","13":"product-type-simple"},"_links":{"self":[{"href":"https:\/\/teddybear.rs\/hu\/wp-json\/wp\/v2\/product\/2740","targetHints":{"allow":["GET"]}}],"collection":[{"href":"https:\/\/teddybear.rs\/hu\/wp-json\/wp\/v2\/product"}],"about":[{"href":"https:\/\/teddybear.rs\/hu\/wp-json\/wp\/v2\/types\/product"}],"wp:featuredmedia":[{"embeddable":true,"href":"https:\/\/teddybear.rs\/hu\/wp-json\/wp\/v2\/media\/2741"}],"wp:attachment":[{"href":"https:\/\/teddybear.rs\/hu\/wp-json\/wp\/v2\/media?parent=2740"}],"wp:term":[{"taxonomy":"product_brand","embeddable":true,"href":"https:\/\/teddybear.rs\/hu\/wp-json\/wp\/v2\/product_brand?post=2740"},{"taxonomy":"product_cat","embeddable":true,"href":"https:\/\/teddybear.rs\/hu\/wp-json\/wp\/v2\/product_cat?post=2740"},{"taxonomy":"product_tag","embeddable":true,"href":"https:\/\/teddybear.rs\/hu\/wp-json\/wp\/v2\/product_tag?post=2740"}],"curies":[{"name":"wp","href":"https:\/\/api.w.org\/{rel}","templated":true}]}}