{"id":2739,"date":"2019-04-25T09:20:36","date_gmt":"2019-04-25T09:20:36","guid":{"rendered":"http:\/\/teddybear.rs\/shop\/nem-kategorizalt\/teddy-bear-30cm-classic-new-line\/"},"modified":"2019-07-31T17:56:42","modified_gmt":"2019-07-31T17:56:42","slug":"teddy-bear-30cm-classic-new-line","status":"publish","type":"product","link":"https:\/\/teddybear.rs\/hu\/shop\/pluss-mackok\/teddy-bear-30cm-classic-new-line\/","title":{"rendered":"Teddy Bear 30cm Classic \u00ae New line"},"content":{"rendered":"<p>m\u00e9z egy eleg\u00e1ns d\u00edszdobozban, amelyhez \u00fcdv\u00f6zl\u0151k\u00e1rtya tartozik, az \u00d6n \u00e1ltal v\u00e1lasztott odaad\u00e1ssal.<\/p>\n","protected":false},"excerpt":{"rendered":"<p><strong>Teddy Bear 30cm Classic \u00ae New line<\/strong><\/p>\n<p>meda u elegantoj poklon kutiji uz koji ide Greetings card, sa posvetom po Va\u0161oj \u017delji.<\/p>\n","protected":false},"featured_media":2227,"template":"","meta":[],"product_brand":[],"product_cat":[193],"product_tag":[],"class_list":{"0":"post-2739","1":"product","2":"type-product","3":"status-publish","4":"has-post-thumbnail","6":"product_cat-pluss-mackok","8":"first","9":"instock","10":"shipping-taxable","11":"purchasable","12":"product-type-simple"},"_links":{"self":[{"href":"https:\/\/teddybear.rs\/hu\/wp-json\/wp\/v2\/product\/2739","targetHints":{"allow":["GET"]}}],"collection":[{"href":"https:\/\/teddybear.rs\/hu\/wp-json\/wp\/v2\/product"}],"about":[{"href":"https:\/\/teddybear.rs\/hu\/wp-json\/wp\/v2\/types\/product"}],"wp:featuredmedia":[{"embeddable":true,"href":"https:\/\/teddybear.rs\/hu\/wp-json\/wp\/v2\/media\/2227"}],"wp:attachment":[{"href":"https:\/\/teddybear.rs\/hu\/wp-json\/wp\/v2\/media?parent=2739"}],"wp:term":[{"taxonomy":"product_brand","embeddable":true,"href":"https:\/\/teddybear.rs\/hu\/wp-json\/wp\/v2\/product_brand?post=2739"},{"taxonomy":"product_cat","embeddable":true,"href":"https:\/\/teddybear.rs\/hu\/wp-json\/wp\/v2\/product_cat?post=2739"},{"taxonomy":"product_tag","embeddable":true,"href":"https:\/\/teddybear.rs\/hu\/wp-json\/wp\/v2\/product_tag?post=2739"}],"curies":[{"name":"wp","href":"https:\/\/api.w.org\/{rel}","templated":true}]}}