{"id":2734,"date":"2019-04-14T01:03:49","date_gmt":"2019-04-14T01:03:49","guid":{"rendered":"http:\/\/teddybear.rs\/shop\/nem-kategorizalt\/teddy-bear-silver-blood-30cm-limited-edition\/"},"modified":"2019-07-31T17:50:07","modified_gmt":"2019-07-31T17:50:07","slug":"teddy-bear-silver-blood-30cm-limited-edition","status":"publish","type":"product","link":"https:\/\/teddybear.rs\/hu\/shop\/pluss-mackok\/teddy-bear-silver-blood-30cm-limited-edition\/","title":{"rendered":"Teddy Bear Silver Blood\u00ae 30cm LIMITED EDITION"},"content":{"rendered":"<p><strong> Mack\u00f3 Silver Blood\u00ae 30cm <\/strong> \u00fcdv\u00f6zl\u0151k\u00e1rtya dobozban.<\/p>\n","protected":false},"excerpt":{"rendered":"<p><strong>Teddy Bear Silver Blood\u00ae 30cm<\/strong> u kutiji sa Greetings karticom.<\/p>\n","protected":false},"featured_media":2070,"template":"","meta":[],"product_brand":[],"product_cat":[193,111],"product_tag":[],"class_list":{"0":"post-2734","1":"product","2":"type-product","3":"status-publish","4":"has-post-thumbnail","6":"product_cat-pluss-mackok","7":"product_cat-teddy-bear-plisane-mede-2","9":"first","10":"instock","11":"shipping-taxable","12":"purchasable","13":"product-type-simple"},"_links":{"self":[{"href":"https:\/\/teddybear.rs\/hu\/wp-json\/wp\/v2\/product\/2734","targetHints":{"allow":["GET"]}}],"collection":[{"href":"https:\/\/teddybear.rs\/hu\/wp-json\/wp\/v2\/product"}],"about":[{"href":"https:\/\/teddybear.rs\/hu\/wp-json\/wp\/v2\/types\/product"}],"wp:featuredmedia":[{"embeddable":true,"href":"https:\/\/teddybear.rs\/hu\/wp-json\/wp\/v2\/media\/2070"}],"wp:attachment":[{"href":"https:\/\/teddybear.rs\/hu\/wp-json\/wp\/v2\/media?parent=2734"}],"wp:term":[{"taxonomy":"product_brand","embeddable":true,"href":"https:\/\/teddybear.rs\/hu\/wp-json\/wp\/v2\/product_brand?post=2734"},{"taxonomy":"product_cat","embeddable":true,"href":"https:\/\/teddybear.rs\/hu\/wp-json\/wp\/v2\/product_cat?post=2734"},{"taxonomy":"product_tag","embeddable":true,"href":"https:\/\/teddybear.rs\/hu\/wp-json\/wp\/v2\/product_tag?post=2734"}],"curies":[{"name":"wp","href":"https:\/\/api.w.org\/{rel}","templated":true}]}}