{"id":2727,"date":"2018-04-24T21:47:30","date_gmt":"2018-04-24T21:47:30","guid":{"rendered":"http:\/\/teddybear.rs\/shop\/nem-kategorizalt\/teddybear-white-1-6m\/"},"modified":"2019-07-31T17:47:51","modified_gmt":"2019-07-31T17:47:51","slug":"teddybear-white-1-6m","status":"publish","type":"product","link":"https:\/\/teddybear.rs\/hu\/shop\/pluss-mackok\/teddybear-white-1-6m\/","title":{"rendered":"Teddy Bear White\u00ae 1.6m"},"content":{"rendered":"<p>A Teddy Bear White\u00ae egy feh\u00e9r pl\u00fcss m\u00e9z, amely a legfinomabb anyagb\u00f3l k\u00e9sz\u00fcl, TTB k\u00e9zi h\u00edmz\u00e9ssel, ami kifinomult megjelen\u00e9st k\u00f6lcs\u00f6n\u00f6z. Garant\u00e1ljuk, hogy els\u0151 l\u00e1t\u00e1sra beleszeret! \ud83d\ude09<\/p>\n","protected":false},"excerpt":{"rendered":"<p>A Teddy Bear White\u00ae egy feh\u00e9r pl\u00fcss m\u00e9z, amely a legfinomabb anyagb\u00f3l k\u00e9sz\u00fcl, TTB k\u00e9zi h\u00edmz\u00e9ssel, ami kifinomult megjelen\u00e9st k\u00f6lcs\u00f6n\u00f6z. Garant\u00e1ljuk, hogy els\u0151 l\u00e1t\u00e1sra beleszeret! \ud83d\ude09<\/p>\n","protected":false},"featured_media":2730,"template":"","meta":[],"product_brand":[],"product_cat":[193],"product_tag":[280],"class_list":{"0":"post-2727","1":"product","2":"type-product","3":"status-publish","4":"has-post-thumbnail","6":"product_cat-pluss-mackok","7":"product_tag-plisane-mede-hu","9":"first","10":"instock","11":"shipping-taxable","12":"purchasable","13":"product-type-simple"},"_links":{"self":[{"href":"https:\/\/teddybear.rs\/hu\/wp-json\/wp\/v2\/product\/2727","targetHints":{"allow":["GET"]}}],"collection":[{"href":"https:\/\/teddybear.rs\/hu\/wp-json\/wp\/v2\/product"}],"about":[{"href":"https:\/\/teddybear.rs\/hu\/wp-json\/wp\/v2\/types\/product"}],"wp:featuredmedia":[{"embeddable":true,"href":"https:\/\/teddybear.rs\/hu\/wp-json\/wp\/v2\/media\/2730"}],"wp:attachment":[{"href":"https:\/\/teddybear.rs\/hu\/wp-json\/wp\/v2\/media?parent=2727"}],"wp:term":[{"taxonomy":"product_brand","embeddable":true,"href":"https:\/\/teddybear.rs\/hu\/wp-json\/wp\/v2\/product_brand?post=2727"},{"taxonomy":"product_cat","embeddable":true,"href":"https:\/\/teddybear.rs\/hu\/wp-json\/wp\/v2\/product_cat?post=2727"},{"taxonomy":"product_tag","embeddable":true,"href":"https:\/\/teddybear.rs\/hu\/wp-json\/wp\/v2\/product_tag?post=2727"}],"curies":[{"name":"wp","href":"https:\/\/api.w.org\/{rel}","templated":true}]}}