{"id":2719,"date":"2018-07-31T07:50:23","date_gmt":"2018-07-31T07:50:23","guid":{"rendered":"http:\/\/teddybear.rs\/shop\/nem-kategorizalt\/teddy-bear-beli-meda-mini\/"},"modified":"2019-07-31T17:43:17","modified_gmt":"2019-07-31T17:43:17","slug":"teddy-bear-beli-meda-mini","status":"publish","type":"product","link":"https:\/\/teddybear.rs\/hu\/shop\/pluss-mackok\/teddy-bear-beli-meda-mini\/","title":{"rendered":"Teddy Bear White\u00ae 30cm &#8211; Beli meda mini"},"content":{"rendered":"<p>A Teddy Bear White\u00ae 30cm egy \u00faj m\u00e9z, mely a legfinomabb pl\u00fcss anyagb\u00f3l k\u00e9sz\u00fcl, \u00e9s mindenki otthon\u00e1ban kedvenc\u00e9v\u00e9 v\u00e1lik, \u00e9s mindenkit \u00f6r\u00f6m\u00e9re k\u00e9sz\u00edt, akinek van r\u00e1. Egy speci\u00e1lis, a neki tervezett arany dobozba van csomagolva, amely megjelen\u00e9se megjelen\u00e9se r\u00e9v\u00e9n eleg\u00e1ns \u00e9s csillog\u00f3.<\/p>\n","protected":false},"excerpt":{"rendered":"<p>A Teddy Bear White\u00ae 30cm egy \u00faj m\u00e9z, mely a legfinomabb pl\u00fcss anyagb\u00f3l k\u00e9sz\u00fcl, \u00e9s mindenki otthon\u00e1ban kedvenc\u00e9v\u00e9 v\u00e1lik, \u00e9s mindenkit \u00f6r\u00f6m\u00e9re k\u00e9sz\u00edt, akinek van r\u00e1.<span class=\"excerpt-hellip\"> [\u2026]<\/span><\/p>\n","protected":false},"featured_media":2720,"template":"","meta":[],"product_brand":[],"product_cat":[193,111],"product_tag":[],"class_list":{"0":"post-2719","1":"product","2":"type-product","3":"status-publish","4":"has-post-thumbnail","6":"product_cat-pluss-mackok","7":"product_cat-teddy-bear-plisane-mede-2","9":"first","10":"instock","11":"shipping-taxable","12":"purchasable","13":"product-type-simple"},"_links":{"self":[{"href":"https:\/\/teddybear.rs\/hu\/wp-json\/wp\/v2\/product\/2719","targetHints":{"allow":["GET"]}}],"collection":[{"href":"https:\/\/teddybear.rs\/hu\/wp-json\/wp\/v2\/product"}],"about":[{"href":"https:\/\/teddybear.rs\/hu\/wp-json\/wp\/v2\/types\/product"}],"wp:featuredmedia":[{"embeddable":true,"href":"https:\/\/teddybear.rs\/hu\/wp-json\/wp\/v2\/media\/2720"}],"wp:attachment":[{"href":"https:\/\/teddybear.rs\/hu\/wp-json\/wp\/v2\/media?parent=2719"}],"wp:term":[{"taxonomy":"product_brand","embeddable":true,"href":"https:\/\/teddybear.rs\/hu\/wp-json\/wp\/v2\/product_brand?post=2719"},{"taxonomy":"product_cat","embeddable":true,"href":"https:\/\/teddybear.rs\/hu\/wp-json\/wp\/v2\/product_cat?post=2719"},{"taxonomy":"product_tag","embeddable":true,"href":"https:\/\/teddybear.rs\/hu\/wp-json\/wp\/v2\/product_tag?post=2719"}],"curies":[{"name":"wp","href":"https:\/\/api.w.org\/{rel}","templated":true}]}}