{"id":2717,"date":"2018-02-07T11:28:53","date_gmt":"2018-02-07T11:28:53","guid":{"rendered":"http:\/\/teddybear.rs\/shop\/nem-kategorizalt\/teddybear-30cm-whitegold\/"},"modified":"2019-07-31T17:40:48","modified_gmt":"2019-07-31T17:40:48","slug":"teddybear-30cm-whitegold","status":"publish","type":"product","link":"https:\/\/teddybear.rs\/hu\/shop\/pluss-mackok\/teddybear-30cm-whitegold\/","title":{"rendered":"Teddy Bear WhiteGold\u00ae 30cm"},"content":{"rendered":"<p>A csomag egy mack\u00f3t tartalmaz egy feh\u00e9r p\u00f3l\u00f3ban, arany bet\u0171kkel, szat\u00e9n szalaggal \u00e9s \u00fcdv\u00f6zl\u0151k\u00e1rty\u00e1val.<\/p>\n","protected":false},"excerpt":{"rendered":"<p>A csomag egy mack\u00f3t tartalmaz egy feh\u00e9r p\u00f3l\u00f3ban, arany bet\u0171kkel, szat\u00e9n szalaggal \u00e9s \u00fcdv\u00f6zl\u0151k\u00e1rty\u00e1val.<\/p>\n","protected":false},"featured_media":2718,"template":"","meta":[],"product_brand":[],"product_cat":[193,111],"product_tag":[131,430,132,431],"class_list":{"0":"post-2717","1":"product","2":"type-product","3":"status-publish","4":"has-post-thumbnail","6":"product_cat-pluss-mackok","7":"product_cat-teddy-bear-plisane-mede-2","8":"product_tag-cestitka","9":"product_tag-cestitka-hu","10":"product_tag-whitegold","11":"product_tag-whitegold-hu","13":"first","14":"instock","15":"shipping-taxable","16":"purchasable","17":"product-type-simple"},"_links":{"self":[{"href":"https:\/\/teddybear.rs\/hu\/wp-json\/wp\/v2\/product\/2717","targetHints":{"allow":["GET"]}}],"collection":[{"href":"https:\/\/teddybear.rs\/hu\/wp-json\/wp\/v2\/product"}],"about":[{"href":"https:\/\/teddybear.rs\/hu\/wp-json\/wp\/v2\/types\/product"}],"wp:featuredmedia":[{"embeddable":true,"href":"https:\/\/teddybear.rs\/hu\/wp-json\/wp\/v2\/media\/2718"}],"wp:attachment":[{"href":"https:\/\/teddybear.rs\/hu\/wp-json\/wp\/v2\/media?parent=2717"}],"wp:term":[{"taxonomy":"product_brand","embeddable":true,"href":"https:\/\/teddybear.rs\/hu\/wp-json\/wp\/v2\/product_brand?post=2717"},{"taxonomy":"product_cat","embeddable":true,"href":"https:\/\/teddybear.rs\/hu\/wp-json\/wp\/v2\/product_cat?post=2717"},{"taxonomy":"product_tag","embeddable":true,"href":"https:\/\/teddybear.rs\/hu\/wp-json\/wp\/v2\/product_tag?post=2717"}],"curies":[{"name":"wp","href":"https:\/\/api.w.org\/{rel}","templated":true}]}}