{"id":2637,"date":"2019-06-28T09:13:54","date_gmt":"2019-06-28T09:13:54","guid":{"rendered":"http:\/\/teddybear.rs\/shop\/nem-kategorizalt\/teddy-bear-raspberry\/"},"modified":"2019-06-28T09:18:17","modified_gmt":"2019-06-28T09:18:17","slug":"teddy-bear-raspberry","status":"publish","type":"product","link":"https:\/\/teddybear.rs\/hu\/shop\/edesseg-dobozok-hu\/teddy-bear-raspberry\/","title":{"rendered":"Teddy Bear\u00ae Raspberry"},"content":{"rendered":"<p>Cukork\u00e1t rendezett Raffaello csokol\u00e1d\u00e9val, m\u00e1lna \u00edz\u00e9vel<\/p>\n","protected":false},"excerpt":{"rendered":"<p>Cukork\u00e1t rendezett Raffaello csokol\u00e1d\u00e9val, m\u00e1lna \u00edz\u00e9vel<\/p>\n","protected":false},"featured_media":2636,"template":"","meta":[],"product_brand":[],"product_cat":[197,20],"product_tag":[],"class_list":{"0":"post-2637","1":"product","2":"type-product","3":"status-publish","4":"has-post-thumbnail","6":"product_cat-edesseg-dobozok-hu","7":"product_cat-sweet-boxes","9":"first","10":"instock","11":"shipping-taxable","12":"purchasable","13":"product-type-simple"},"_links":{"self":[{"href":"https:\/\/teddybear.rs\/hu\/wp-json\/wp\/v2\/product\/2637","targetHints":{"allow":["GET"]}}],"collection":[{"href":"https:\/\/teddybear.rs\/hu\/wp-json\/wp\/v2\/product"}],"about":[{"href":"https:\/\/teddybear.rs\/hu\/wp-json\/wp\/v2\/types\/product"}],"wp:featuredmedia":[{"embeddable":true,"href":"https:\/\/teddybear.rs\/hu\/wp-json\/wp\/v2\/media\/2636"}],"wp:attachment":[{"href":"https:\/\/teddybear.rs\/hu\/wp-json\/wp\/v2\/media?parent=2637"}],"wp:term":[{"taxonomy":"product_brand","embeddable":true,"href":"https:\/\/teddybear.rs\/hu\/wp-json\/wp\/v2\/product_brand?post=2637"},{"taxonomy":"product_cat","embeddable":true,"href":"https:\/\/teddybear.rs\/hu\/wp-json\/wp\/v2\/product_cat?post=2637"},{"taxonomy":"product_tag","embeddable":true,"href":"https:\/\/teddybear.rs\/hu\/wp-json\/wp\/v2\/product_tag?post=2637"}],"curies":[{"name":"wp","href":"https:\/\/api.w.org\/{rel}","templated":true}]}}