{"id":2631,"date":"2019-06-28T09:08:47","date_gmt":"2019-06-28T09:08:47","guid":{"rendered":"http:\/\/teddybear.rs\/shop\/nem-kategorizalt\/pure-love-24k-gold\/"},"modified":"2019-06-28T09:10:49","modified_gmt":"2019-06-28T09:10:49","slug":"pure-love-24k-gold","status":"publish","type":"product","link":"https:\/\/teddybear.rs\/hu\/shop\/pure-love%ef%b8%8fdehidralt-rozsa\/pure-love-24k-gold\/","title":{"rendered":"Pure love 24K GOLD\u00ae"},"content":{"rendered":"","protected":false},"excerpt":{"rendered":"<p>Arany dehidrat\u00e1lt r\u00f3zsa, korl\u00e1tlan \u00e9lettartammal. Meglepet\u00e9s a st\u00edlussal!<\/p>\n","protected":false},"featured_media":2629,"template":"","meta":[],"product_brand":[],"product_cat":[449,201],"product_tag":[],"class_list":{"0":"post-2631","1":"product","2":"type-product","3":"status-publish","4":"has-post-thumbnail","6":"product_cat-pure-lovedehidralt-rozsa","7":"product_cat-egy-szal-rozsa","9":"first","10":"instock","11":"shipping-taxable","12":"purchasable","13":"product-type-simple"},"_links":{"self":[{"href":"https:\/\/teddybear.rs\/hu\/wp-json\/wp\/v2\/product\/2631","targetHints":{"allow":["GET"]}}],"collection":[{"href":"https:\/\/teddybear.rs\/hu\/wp-json\/wp\/v2\/product"}],"about":[{"href":"https:\/\/teddybear.rs\/hu\/wp-json\/wp\/v2\/types\/product"}],"wp:featuredmedia":[{"embeddable":true,"href":"https:\/\/teddybear.rs\/hu\/wp-json\/wp\/v2\/media\/2629"}],"wp:attachment":[{"href":"https:\/\/teddybear.rs\/hu\/wp-json\/wp\/v2\/media?parent=2631"}],"wp:term":[{"taxonomy":"product_brand","embeddable":true,"href":"https:\/\/teddybear.rs\/hu\/wp-json\/wp\/v2\/product_brand?post=2631"},{"taxonomy":"product_cat","embeddable":true,"href":"https:\/\/teddybear.rs\/hu\/wp-json\/wp\/v2\/product_cat?post=2631"},{"taxonomy":"product_tag","embeddable":true,"href":"https:\/\/teddybear.rs\/hu\/wp-json\/wp\/v2\/product_tag?post=2631"}],"curies":[{"name":"wp","href":"https:\/\/api.w.org\/{rel}","templated":true}]}}