{"id":2511,"date":"2018-04-24T21:37:48","date_gmt":"2018-04-24T21:37:48","guid":{"rendered":"http:\/\/teddybear.rs\/shop\/nem-kategorizalt\/teddybear-panda-1-3m\/"},"modified":"2019-06-11T14:28:09","modified_gmt":"2019-06-11T14:28:09","slug":"teddybear-panda-1-3m","status":"publish","type":"product","link":"https:\/\/teddybear.rs\/hu\/shop\/pluss-mackok\/teddybear-panda-1-3m\/","title":{"rendered":"Teddy Bear Panda\u00ae 1.3m"},"content":{"rendered":"<p>Az 1,3 m-es Teddy Bear Panda\u00ae a TheTeddyBear m\u00e1rka egyik leg\u00fajabb term\u00e9ke. Ez egy finom pl\u00fcssb\u0151l k\u00e9sz\u00fcl, amely minden \u00e9rint\u00e9sre var\u00e1zslatos. A pand\u00e1n egy TTB embl\u00e9m\u00e1t is h\u00edmzett k\u00e9zzel h\u00edmzett, amely ez a plagiarist k\u00fcl\u00f6nleges pecs\u00e9tet ad.<\/p>\n","protected":false},"excerpt":{"rendered":"<p>Az 1,3 m-es Teddy Bear Panda\u00ae a TheTeddyBear m\u00e1rka egyik leg\u00fajabb term\u00e9ke. Ez egy finom pl\u00fcssb\u0151l k\u00e9sz\u00fcl, amely minden \u00e9rint\u00e9sre var\u00e1zslatos. A pand\u00e1n egy TTB embl\u00e9m\u00e1t<span class=\"excerpt-hellip\"> [\u2026]<\/span><\/p>\n","protected":false},"featured_media":2512,"template":"","meta":[],"product_brand":[],"product_cat":[193,111],"product_tag":[146,295,153,317],"class_list":{"0":"post-2511","1":"product","2":"type-product","3":"status-publish","4":"has-post-thumbnail","6":"product_cat-pluss-mackok","7":"product_cat-teddy-bear-plisane-mede-2","8":"product_tag-panda","9":"product_tag-panda-hu","10":"product_tag-theteddybear-panda","11":"product_tag-theteddybear-panda-hu","13":"first","14":"instock","15":"shipping-taxable","16":"purchasable","17":"product-type-simple"},"_links":{"self":[{"href":"https:\/\/teddybear.rs\/hu\/wp-json\/wp\/v2\/product\/2511","targetHints":{"allow":["GET"]}}],"collection":[{"href":"https:\/\/teddybear.rs\/hu\/wp-json\/wp\/v2\/product"}],"about":[{"href":"https:\/\/teddybear.rs\/hu\/wp-json\/wp\/v2\/types\/product"}],"wp:featuredmedia":[{"embeddable":true,"href":"https:\/\/teddybear.rs\/hu\/wp-json\/wp\/v2\/media\/2512"}],"wp:attachment":[{"href":"https:\/\/teddybear.rs\/hu\/wp-json\/wp\/v2\/media?parent=2511"}],"wp:term":[{"taxonomy":"product_brand","embeddable":true,"href":"https:\/\/teddybear.rs\/hu\/wp-json\/wp\/v2\/product_brand?post=2511"},{"taxonomy":"product_cat","embeddable":true,"href":"https:\/\/teddybear.rs\/hu\/wp-json\/wp\/v2\/product_cat?post=2511"},{"taxonomy":"product_tag","embeddable":true,"href":"https:\/\/teddybear.rs\/hu\/wp-json\/wp\/v2\/product_tag?post=2511"}],"curies":[{"name":"wp","href":"https:\/\/api.w.org\/{rel}","templated":true}]}}