{"id":2480,"date":"2018-08-06T22:07:02","date_gmt":"2018-08-06T22:07:02","guid":{"rendered":"http:\/\/teddybear.rs\/shop\/nem-kategorizalt\/raffaello-white-space-box\/"},"modified":"2019-05-22T10:09:40","modified_gmt":"2019-05-22T10:09:40","slug":"raffaello-white-space-box","status":"publish","type":"product","link":"https:\/\/teddybear.rs\/hu\/shop\/edesseg-dobozok-hu\/raffaello-white-space-box\/","title":{"rendered":"Raffaello White Space box"},"content":{"rendered":"<p>A Raffaello White Space doboz a legjobb Raffaello term\u00e9keket tartalmazza egy feh\u00e9r f\u00e9nyes text\u00far\u00e1j\u00fa dobozban, mint a csillagos \u00e9g \u00e9s a dekorat\u00edv anyagok.<\/p>\n<div class=\"question\">\n<div class=\"title\"><\/div>\n<\/div>\n","protected":false},"excerpt":{"rendered":"<p>A Raffaello White Space doboz a legjobb Raffaello term\u00e9keket tartalmazza egy feh\u00e9r f\u00e9nyes text\u00far\u00e1j\u00fa dobozban, mint a csillagos \u00e9g \u00e9s a dekorat\u00edv anyagok.<\/p>\n","protected":false},"featured_media":2481,"template":"","meta":[],"product_brand":[],"product_cat":[197,20],"product_tag":[60,331,118,422,174,423,22,322],"class_list":{"0":"post-2480","1":"product","2":"type-product","3":"status-publish","4":"has-post-thumbnail","6":"product_cat-edesseg-dobozok-hu","7":"product_cat-sweet-boxes","8":"product_tag-raffaello","9":"product_tag-raffaello-hu","10":"product_tag-raffaello-box","11":"product_tag-raffaello-box-hu","12":"product_tag-raffaello-white-space-box","13":"product_tag-raffaello-white-space-box-hu","14":"product_tag-sweet-box","15":"product_tag-sweet-box-hu","17":"first","18":"instock","19":"shipping-taxable","20":"purchasable","21":"product-type-simple"},"_links":{"self":[{"href":"https:\/\/teddybear.rs\/hu\/wp-json\/wp\/v2\/product\/2480","targetHints":{"allow":["GET"]}}],"collection":[{"href":"https:\/\/teddybear.rs\/hu\/wp-json\/wp\/v2\/product"}],"about":[{"href":"https:\/\/teddybear.rs\/hu\/wp-json\/wp\/v2\/types\/product"}],"wp:featuredmedia":[{"embeddable":true,"href":"https:\/\/teddybear.rs\/hu\/wp-json\/wp\/v2\/media\/2481"}],"wp:attachment":[{"href":"https:\/\/teddybear.rs\/hu\/wp-json\/wp\/v2\/media?parent=2480"}],"wp:term":[{"taxonomy":"product_brand","embeddable":true,"href":"https:\/\/teddybear.rs\/hu\/wp-json\/wp\/v2\/product_brand?post=2480"},{"taxonomy":"product_cat","embeddable":true,"href":"https:\/\/teddybear.rs\/hu\/wp-json\/wp\/v2\/product_cat?post=2480"},{"taxonomy":"product_tag","embeddable":true,"href":"https:\/\/teddybear.rs\/hu\/wp-json\/wp\/v2\/product_tag?post=2480"}],"curies":[{"name":"wp","href":"https:\/\/api.w.org\/{rel}","templated":true}]}}