{"id":2476,"date":"2018-01-18T12:04:40","date_gmt":"2018-01-18T12:04:40","guid":{"rendered":"http:\/\/teddybear.rs\/shop\/nem-kategorizalt\/space-kinder\/"},"modified":"2019-05-22T10:04:26","modified_gmt":"2019-05-22T10:04:26","slug":"space-kinder","status":"publish","type":"product","link":"https:\/\/teddybear.rs\/hu\/shop\/edesseg-dobozok-hu\/space-kinder\/","title":{"rendered":"Teddy Bear \u00ae Big Space Kinder box"},"content":{"rendered":"<p>A Teddy Bear\u00ae Big Space Kinder doboz Kinder csokol\u00e1d\u00e9t \u00e9s dekorat\u00edv anyagot tartalmaz, amely egy csillagos \u00e9g m\u00e1solat\u00e1t tervezi.<\/p>\n","protected":false},"excerpt":{"rendered":"<p>A Teddy Bear\u00ae Big Space Kinder doboz Kinder csokol\u00e1d\u00e9t \u00e9s dekorat\u00edv anyagot tartalmaz, amely egy csillagos \u00e9g m\u00e1solat\u00e1t tervezi.<\/p>\n","protected":false},"featured_media":1986,"template":"","meta":[],"product_brand":[],"product_cat":[197],"product_tag":[362,418,340],"class_list":{"0":"post-2476","1":"product","2":"type-product","3":"status-publish","4":"has-post-thumbnail","6":"product_cat-edesseg-dobozok-hu","7":"product_tag-kinder-hu","8":"product_tag-space-hu","9":"product_tag-sweet-hu","11":"first","12":"instock","13":"shipping-taxable","14":"purchasable","15":"product-type-simple"},"_links":{"self":[{"href":"https:\/\/teddybear.rs\/hu\/wp-json\/wp\/v2\/product\/2476","targetHints":{"allow":["GET"]}}],"collection":[{"href":"https:\/\/teddybear.rs\/hu\/wp-json\/wp\/v2\/product"}],"about":[{"href":"https:\/\/teddybear.rs\/hu\/wp-json\/wp\/v2\/types\/product"}],"wp:featuredmedia":[{"embeddable":true,"href":"https:\/\/teddybear.rs\/hu\/wp-json\/wp\/v2\/media\/1986"}],"wp:attachment":[{"href":"https:\/\/teddybear.rs\/hu\/wp-json\/wp\/v2\/media?parent=2476"}],"wp:term":[{"taxonomy":"product_brand","embeddable":true,"href":"https:\/\/teddybear.rs\/hu\/wp-json\/wp\/v2\/product_brand?post=2476"},{"taxonomy":"product_cat","embeddable":true,"href":"https:\/\/teddybear.rs\/hu\/wp-json\/wp\/v2\/product_cat?post=2476"},{"taxonomy":"product_tag","embeddable":true,"href":"https:\/\/teddybear.rs\/hu\/wp-json\/wp\/v2\/product_tag?post=2476"}],"curies":[{"name":"wp","href":"https:\/\/api.w.org\/{rel}","templated":true}]}}