{"id":2475,"date":"2018-04-23T10:54:27","date_gmt":"2018-04-23T10:54:27","guid":{"rendered":"http:\/\/teddybear.rs\/shop\/nem-kategorizalt\/ferrero-black-box\/"},"modified":"2019-05-22T10:00:35","modified_gmt":"2019-05-22T10:00:35","slug":"ferrero-black-box","status":"publish","type":"product","link":"https:\/\/teddybear.rs\/hu\/shop\/edesseg-dobozok-hu\/ferrero-black-box\/","title":{"rendered":"Teddy Bear \u00ae BLACK"},"content":{"rendered":"<p>A Teddy Bear BLACK\u00ae tartalmazza a legk\u00f6nnyebb Ferrero term\u00e9keket, dekorat\u00edv anyagokat \u00e9s a m\u0171anyag dobozunkat Ferrero tartalommal \u00e9s dekorat\u00edv \u00edjunkkal.<\/p>\n","protected":false},"excerpt":{"rendered":"<p>A Teddy Bear BLACK\u00ae tartalmazza a legk\u00f6nnyebb Ferrero term\u00e9keket, dekorat\u00edv anyagokat \u00e9s a m\u0171anyag dobozunkat Ferrero tartalommal \u00e9s dekorat\u00edv \u00edjunkkal.<\/p>\n","protected":false},"featured_media":1946,"template":"","meta":[],"product_brand":[],"product_cat":[197,20],"product_tag":[151,417],"class_list":{"0":"post-2475","1":"product","2":"type-product","3":"status-publish","4":"has-post-thumbnail","6":"product_cat-edesseg-dobozok-hu","7":"product_cat-sweet-boxes","8":"product_tag-ferrero-black-box","9":"product_tag-ferrero-black-box-hu","11":"first","12":"instock","13":"shipping-taxable","14":"purchasable","15":"product-type-simple"},"_links":{"self":[{"href":"https:\/\/teddybear.rs\/hu\/wp-json\/wp\/v2\/product\/2475","targetHints":{"allow":["GET"]}}],"collection":[{"href":"https:\/\/teddybear.rs\/hu\/wp-json\/wp\/v2\/product"}],"about":[{"href":"https:\/\/teddybear.rs\/hu\/wp-json\/wp\/v2\/types\/product"}],"wp:featuredmedia":[{"embeddable":true,"href":"https:\/\/teddybear.rs\/hu\/wp-json\/wp\/v2\/media\/1946"}],"wp:attachment":[{"href":"https:\/\/teddybear.rs\/hu\/wp-json\/wp\/v2\/media?parent=2475"}],"wp:term":[{"taxonomy":"product_brand","embeddable":true,"href":"https:\/\/teddybear.rs\/hu\/wp-json\/wp\/v2\/product_brand?post=2475"},{"taxonomy":"product_cat","embeddable":true,"href":"https:\/\/teddybear.rs\/hu\/wp-json\/wp\/v2\/product_cat?post=2475"},{"taxonomy":"product_tag","embeddable":true,"href":"https:\/\/teddybear.rs\/hu\/wp-json\/wp\/v2\/product_tag?post=2475"}],"curies":[{"name":"wp","href":"https:\/\/api.w.org\/{rel}","templated":true}]}}