{"id":2468,"date":"2018-01-12T11:52:18","date_gmt":"2018-01-12T11:52:18","guid":{"rendered":"http:\/\/teddybear.rs\/shop\/nem-kategorizalt\/mozart-box\/"},"modified":"2019-05-22T09:52:42","modified_gmt":"2019-05-22T09:52:42","slug":"mozart-box","status":"publish","type":"product","link":"https:\/\/teddybear.rs\/hu\/shop\/edesseg-dobozok-hu\/mozart-box\/","title":{"rendered":"Teddy Bear \u00ae Mozart box"},"content":{"rendered":"<p>A Teddy Bear\u00ae Mozart doboz Mozart csokol\u00e1d\u00e9t \u00e9s d\u00edsz\u00edt\u0151anyagot tartalmaz.<\/p>\n","protected":false},"excerpt":{"rendered":"<p>A Teddy Bear\u00ae Mozart doboz Mozart csokol\u00e1d\u00e9t \u00e9s d\u00edsz\u00edt\u0151anyagot tartalmaz.<\/p>\n","protected":false},"featured_media":1989,"template":"","meta":[],"product_brand":[],"product_cat":[197],"product_tag":[410,332],"class_list":{"0":"post-2468","1":"product","2":"type-product","3":"status-publish","4":"has-post-thumbnail","6":"product_cat-edesseg-dobozok-hu","7":"product_tag-mozart-hu","8":"product_tag-sweetbox-hu","10":"first","11":"instock","12":"shipping-taxable","13":"purchasable","14":"product-type-simple"},"_links":{"self":[{"href":"https:\/\/teddybear.rs\/hu\/wp-json\/wp\/v2\/product\/2468","targetHints":{"allow":["GET"]}}],"collection":[{"href":"https:\/\/teddybear.rs\/hu\/wp-json\/wp\/v2\/product"}],"about":[{"href":"https:\/\/teddybear.rs\/hu\/wp-json\/wp\/v2\/types\/product"}],"wp:featuredmedia":[{"embeddable":true,"href":"https:\/\/teddybear.rs\/hu\/wp-json\/wp\/v2\/media\/1989"}],"wp:attachment":[{"href":"https:\/\/teddybear.rs\/hu\/wp-json\/wp\/v2\/media?parent=2468"}],"wp:term":[{"taxonomy":"product_brand","embeddable":true,"href":"https:\/\/teddybear.rs\/hu\/wp-json\/wp\/v2\/product_brand?post=2468"},{"taxonomy":"product_cat","embeddable":true,"href":"https:\/\/teddybear.rs\/hu\/wp-json\/wp\/v2\/product_cat?post=2468"},{"taxonomy":"product_tag","embeddable":true,"href":"https:\/\/teddybear.rs\/hu\/wp-json\/wp\/v2\/product_tag?post=2468"}],"curies":[{"name":"wp","href":"https:\/\/api.w.org\/{rel}","templated":true}]}}