{"id":2467,"date":"2018-01-18T12:13:42","date_gmt":"2018-01-18T12:13:42","guid":{"rendered":"http:\/\/teddybear.rs\/shop\/nem-kategorizalt\/mali-space-kinder-box\/"},"modified":"2019-05-22T09:46:05","modified_gmt":"2019-05-22T09:46:05","slug":"mali-space-kinder-box","status":"publish","type":"product","link":"https:\/\/teddybear.rs\/hu\/shop\/edesseg-dobozok-hu\/mali-space-kinder-box\/","title":{"rendered":"Teddy Bear \u00ae Small Space Kinder box"},"content":{"rendered":"<p>A \u201eTeddy Bear\u00ae Small Space Kinder\u201d doboz egy kis helyet foglal mag\u00e1ba, egy dekorat\u00edv anyagot, amely csillagos \u00e9gboltot \u00e9s egy dekorat\u00edv zs\u00e1kot csomagol.<\/p>\n","protected":false},"excerpt":{"rendered":"<p>A \u201eTeddy Bear\u00ae Small Space Kinder\u201d doboz egy kis helyet foglal mag\u00e1ba, egy dekorat\u00edv anyagot, amely csillagos \u00e9gboltot \u00e9s egy dekorat\u00edv zs\u00e1kot csomagol.<\/p>\n","protected":false},"featured_media":1983,"template":"","meta":[],"product_brand":[],"product_cat":[197],"product_tag":[362,332],"class_list":{"0":"post-2467","1":"product","2":"type-product","3":"status-publish","4":"has-post-thumbnail","6":"product_cat-edesseg-dobozok-hu","7":"product_tag-kinder-hu","8":"product_tag-sweetbox-hu","10":"first","11":"instock","12":"shipping-taxable","13":"purchasable","14":"product-type-simple"},"_links":{"self":[{"href":"https:\/\/teddybear.rs\/hu\/wp-json\/wp\/v2\/product\/2467","targetHints":{"allow":["GET"]}}],"collection":[{"href":"https:\/\/teddybear.rs\/hu\/wp-json\/wp\/v2\/product"}],"about":[{"href":"https:\/\/teddybear.rs\/hu\/wp-json\/wp\/v2\/types\/product"}],"wp:featuredmedia":[{"embeddable":true,"href":"https:\/\/teddybear.rs\/hu\/wp-json\/wp\/v2\/media\/1983"}],"wp:attachment":[{"href":"https:\/\/teddybear.rs\/hu\/wp-json\/wp\/v2\/media?parent=2467"}],"wp:term":[{"taxonomy":"product_brand","embeddable":true,"href":"https:\/\/teddybear.rs\/hu\/wp-json\/wp\/v2\/product_brand?post=2467"},{"taxonomy":"product_cat","embeddable":true,"href":"https:\/\/teddybear.rs\/hu\/wp-json\/wp\/v2\/product_cat?post=2467"},{"taxonomy":"product_tag","embeddable":true,"href":"https:\/\/teddybear.rs\/hu\/wp-json\/wp\/v2\/product_tag?post=2467"}],"curies":[{"name":"wp","href":"https:\/\/api.w.org\/{rel}","templated":true}]}}