{"id":2464,"date":"2018-02-01T12:08:51","date_gmt":"2018-02-01T12:08:51","guid":{"rendered":"http:\/\/teddybear.rs\/shop\/nem-kategorizalt\/veliki-kinder-xmas-box-2\/"},"modified":"2019-05-22T09:42:38","modified_gmt":"2019-05-22T09:42:38","slug":"veliki-kinder-xmas-box-2","status":"publish","type":"product","link":"https:\/\/teddybear.rs\/hu\/shop\/edesseg-dobozok-hu\/veliki-kinder-xmas-box-2\/","title":{"rendered":"Teddy Bear \u00ae Xmas box"},"content":{"rendered":"<p>A Teddy Bear\u00ae Xmas doboz Kinder toj\u00e1st, csokol\u00e1d\u00e9t, mack\u00f3t \u00e9s dekorat\u00edv anyagot tartalmaz.<\/p>\n","protected":false},"excerpt":{"rendered":"<p>A Teddy Bear\u00ae Xmas doboz Kinder toj\u00e1st, csokol\u00e1d\u00e9t, mack\u00f3t \u00e9s dekorat\u00edv anyagot tartalmaz.<\/p>\n","protected":false},"featured_media":1977,"template":"","meta":[],"product_brand":[],"product_cat":[197,20],"product_tag":[],"class_list":{"0":"post-2464","1":"product","2":"type-product","3":"status-publish","4":"has-post-thumbnail","6":"product_cat-edesseg-dobozok-hu","7":"product_cat-sweet-boxes","9":"first","10":"instock","11":"shipping-taxable","12":"purchasable","13":"product-type-simple"},"_links":{"self":[{"href":"https:\/\/teddybear.rs\/hu\/wp-json\/wp\/v2\/product\/2464","targetHints":{"allow":["GET"]}}],"collection":[{"href":"https:\/\/teddybear.rs\/hu\/wp-json\/wp\/v2\/product"}],"about":[{"href":"https:\/\/teddybear.rs\/hu\/wp-json\/wp\/v2\/types\/product"}],"wp:featuredmedia":[{"embeddable":true,"href":"https:\/\/teddybear.rs\/hu\/wp-json\/wp\/v2\/media\/1977"}],"wp:attachment":[{"href":"https:\/\/teddybear.rs\/hu\/wp-json\/wp\/v2\/media?parent=2464"}],"wp:term":[{"taxonomy":"product_brand","embeddable":true,"href":"https:\/\/teddybear.rs\/hu\/wp-json\/wp\/v2\/product_brand?post=2464"},{"taxonomy":"product_cat","embeddable":true,"href":"https:\/\/teddybear.rs\/hu\/wp-json\/wp\/v2\/product_cat?post=2464"},{"taxonomy":"product_tag","embeddable":true,"href":"https:\/\/teddybear.rs\/hu\/wp-json\/wp\/v2\/product_tag?post=2464"}],"curies":[{"name":"wp","href":"https:\/\/api.w.org\/{rel}","templated":true}]}}