{"id":2456,"date":"2018-05-15T11:22:19","date_gmt":"2018-05-15T11:22:19","guid":{"rendered":"http:\/\/teddybear.rs\/shop\/nem-kategorizalt\/ferrero-black-gold-sweet-box\/"},"modified":"2019-05-22T09:34:38","modified_gmt":"2019-05-22T09:34:38","slug":"ferrero-black-gold-sweet-box","status":"publish","type":"product","link":"https:\/\/teddybear.rs\/hu\/shop\/edesseg-dobozok-hu\/ferrero-black-gold-sweet-box\/","title":{"rendered":"Teddy Bear Black &#038; Gold\u00ae"},"content":{"rendered":"<p>A Teddy Bear Black &amp; Gold\u00ae csomag Ferrero csokol\u00e1d\u00e9t \u00e9s dekorat\u00edv fekete dobozunkat tartalmaz Ferrero tartalommal. Eleg\u00e1ns aj\u00e1nd\u00e9k, minden alkalomra alkalmas.<\/p>\n","protected":false},"excerpt":{"rendered":"<p>A Teddy Bear Black &amp; Gold\u00ae csomag Ferrero csokol\u00e1d\u00e9t \u00e9s dekorat\u00edv fekete dobozunkat tartalmaz Ferrero tartalommal. Eleg\u00e1ns aj\u00e1nd\u00e9k, minden alkalomra alkalmas.<\/p>\n","protected":false},"featured_media":2457,"template":"","meta":[],"product_brand":[],"product_cat":[197,20],"product_tag":[71,324,161,408],"class_list":{"0":"post-2456","1":"product","2":"type-product","3":"status-publish","4":"has-post-thumbnail","6":"product_cat-edesseg-dobozok-hu","7":"product_cat-sweet-boxes","8":"product_tag-ferrero","9":"product_tag-ferrero-hu","10":"product_tag-ferrero-black-gold","11":"product_tag-ferrero-black-gold-hu","13":"first","14":"instock","15":"shipping-taxable","16":"purchasable","17":"product-type-simple"},"_links":{"self":[{"href":"https:\/\/teddybear.rs\/hu\/wp-json\/wp\/v2\/product\/2456","targetHints":{"allow":["GET"]}}],"collection":[{"href":"https:\/\/teddybear.rs\/hu\/wp-json\/wp\/v2\/product"}],"about":[{"href":"https:\/\/teddybear.rs\/hu\/wp-json\/wp\/v2\/types\/product"}],"wp:featuredmedia":[{"embeddable":true,"href":"https:\/\/teddybear.rs\/hu\/wp-json\/wp\/v2\/media\/2457"}],"wp:attachment":[{"href":"https:\/\/teddybear.rs\/hu\/wp-json\/wp\/v2\/media?parent=2456"}],"wp:term":[{"taxonomy":"product_brand","embeddable":true,"href":"https:\/\/teddybear.rs\/hu\/wp-json\/wp\/v2\/product_brand?post=2456"},{"taxonomy":"product_cat","embeddable":true,"href":"https:\/\/teddybear.rs\/hu\/wp-json\/wp\/v2\/product_cat?post=2456"},{"taxonomy":"product_tag","embeddable":true,"href":"https:\/\/teddybear.rs\/hu\/wp-json\/wp\/v2\/product_tag?post=2456"}],"curies":[{"name":"wp","href":"https:\/\/api.w.org\/{rel}","templated":true}]}}