{"id":2455,"date":"2018-04-24T21:27:25","date_gmt":"2018-04-24T21:27:25","guid":{"rendered":"http:\/\/teddybear.rs\/shop\/nem-kategorizalt\/cleopatra-ferrero-box\/"},"modified":"2019-05-22T09:31:18","modified_gmt":"2019-05-22T09:31:18","slug":"cleopatra-ferrero-box","status":"publish","type":"product","link":"https:\/\/teddybear.rs\/hu\/shop\/edesseg-dobozok-hu\/cleopatra-ferrero-box\/","title":{"rendered":"Teddy Bear Cleopatra\u00ae"},"content":{"rendered":"<p>A Teddy Bear Cleopatra\u00ae f\u00e9lig tele van dekorat\u00edv anyaggal \u00e9s f\u00e9lig ferrero goly\u00f3val. Befejez\u00e9sk\u00e9nt egy finom Ferrero csokol\u00e1d\u00e9val ell\u00e1tott doboz ker\u00fclt a tetej\u00e9re, \u00e9s az eg\u00e9sz doboz szat\u00e9n t\u00e1lral k\u00e9sz\u00fclt.<\/p>\n","protected":false},"excerpt":{"rendered":"<p>A Teddy Bear Cleopatra\u00ae f\u00e9lig tele van dekorat\u00edv anyaggal \u00e9s f\u00e9lig ferrero goly\u00f3val. Befejez\u00e9sk\u00e9nt egy finom Ferrero csokol\u00e1d\u00e9val ell\u00e1tott doboz ker\u00fclt a tetej\u00e9re, \u00e9s az eg\u00e9sz<span class=\"excerpt-hellip\"> [\u2026]<\/span><\/p>\n","protected":false},"featured_media":1940,"template":"","meta":[],"product_brand":[],"product_cat":[197],"product_tag":[407],"class_list":{"0":"post-2455","1":"product","2":"type-product","3":"status-publish","4":"has-post-thumbnail","6":"product_cat-edesseg-dobozok-hu","7":"product_tag-cleopatra-ferrero-box-hu","9":"first","10":"instock","11":"shipping-taxable","12":"purchasable","13":"product-type-simple"},"_links":{"self":[{"href":"https:\/\/teddybear.rs\/hu\/wp-json\/wp\/v2\/product\/2455","targetHints":{"allow":["GET"]}}],"collection":[{"href":"https:\/\/teddybear.rs\/hu\/wp-json\/wp\/v2\/product"}],"about":[{"href":"https:\/\/teddybear.rs\/hu\/wp-json\/wp\/v2\/types\/product"}],"wp:featuredmedia":[{"embeddable":true,"href":"https:\/\/teddybear.rs\/hu\/wp-json\/wp\/v2\/media\/1940"}],"wp:attachment":[{"href":"https:\/\/teddybear.rs\/hu\/wp-json\/wp\/v2\/media?parent=2455"}],"wp:term":[{"taxonomy":"product_brand","embeddable":true,"href":"https:\/\/teddybear.rs\/hu\/wp-json\/wp\/v2\/product_brand?post=2455"},{"taxonomy":"product_cat","embeddable":true,"href":"https:\/\/teddybear.rs\/hu\/wp-json\/wp\/v2\/product_cat?post=2455"},{"taxonomy":"product_tag","embeddable":true,"href":"https:\/\/teddybear.rs\/hu\/wp-json\/wp\/v2\/product_tag?post=2455"}],"curies":[{"name":"wp","href":"https:\/\/api.w.org\/{rel}","templated":true}]}}