{"id":2450,"date":"2019-03-05T11:26:09","date_gmt":"2019-03-05T11:26:09","guid":{"rendered":"http:\/\/teddybear.rs\/shop\/nem-kategorizalt\/teddy-bear-colorful-world\/"},"modified":"2019-05-22T09:28:42","modified_gmt":"2019-05-22T09:28:42","slug":"teddy-bear-colorful-world","status":"publish","type":"product","link":"https:\/\/teddybear.rs\/hu\/shop\/edesseg-dobozok-hu\/teddy-bear-colorful-world\/","title":{"rendered":"Teddy Bear Colorful World\u00ae"},"content":{"rendered":"<p>Teddy Bear Sz\u00ednes World\u00ae aj\u00e1nd\u00e9kszerz\u0151d\u00e9s a Ritter Sport csokol\u00e1d\u00e9val.<\/p>\n","protected":false},"excerpt":{"rendered":"<p>Teddy Bear Sz\u00ednes World\u00ae aj\u00e1nd\u00e9kszerz\u0151d\u00e9s a Ritter Sport csokol\u00e1d\u00e9val.<\/p>\n","protected":false},"featured_media":2451,"template":"","meta":[],"product_brand":[],"product_cat":[197,20],"product_tag":[],"class_list":{"0":"post-2450","1":"product","2":"type-product","3":"status-publish","4":"has-post-thumbnail","6":"product_cat-edesseg-dobozok-hu","7":"product_cat-sweet-boxes","9":"first","10":"instock","11":"shipping-taxable","12":"purchasable","13":"product-type-simple"},"_links":{"self":[{"href":"https:\/\/teddybear.rs\/hu\/wp-json\/wp\/v2\/product\/2450","targetHints":{"allow":["GET"]}}],"collection":[{"href":"https:\/\/teddybear.rs\/hu\/wp-json\/wp\/v2\/product"}],"about":[{"href":"https:\/\/teddybear.rs\/hu\/wp-json\/wp\/v2\/types\/product"}],"wp:featuredmedia":[{"embeddable":true,"href":"https:\/\/teddybear.rs\/hu\/wp-json\/wp\/v2\/media\/2451"}],"wp:attachment":[{"href":"https:\/\/teddybear.rs\/hu\/wp-json\/wp\/v2\/media?parent=2450"}],"wp:term":[{"taxonomy":"product_brand","embeddable":true,"href":"https:\/\/teddybear.rs\/hu\/wp-json\/wp\/v2\/product_brand?post=2450"},{"taxonomy":"product_cat","embeddable":true,"href":"https:\/\/teddybear.rs\/hu\/wp-json\/wp\/v2\/product_cat?post=2450"},{"taxonomy":"product_tag","embeddable":true,"href":"https:\/\/teddybear.rs\/hu\/wp-json\/wp\/v2\/product_tag?post=2450"}],"curies":[{"name":"wp","href":"https:\/\/api.w.org\/{rel}","templated":true}]}}