{"id":2448,"date":"2018-04-02T12:40:45","date_gmt":"2018-04-02T12:40:45","guid":{"rendered":"http:\/\/teddybear.rs\/shop\/nem-kategorizalt\/mali-eastern-blue-box\/"},"modified":"2019-05-22T09:13:15","modified_gmt":"2019-05-22T09:13:15","slug":"mali-eastern-blue-box","status":"publish","type":"product","link":"https:\/\/teddybear.rs\/hu\/shop\/edesseg-dobozok-hu\/mali-eastern-blue-box\/","title":{"rendered":"Teddy Bear Eastern Blue\u00ae Mali"},"content":{"rendered":"<p>A Teddy Bear Eastern Blue\u00ae Mali tartalmaz Kinder csokol\u00e1d\u00e9t, egy dobozot \u00e9s egy dekorat\u00edv TB\u00ae zs\u00e1kot, valamint egy nagy csokol\u00e1d\u00e9 zseml\u00e9t.<\/p>\n","protected":false},"excerpt":{"rendered":"<p>A Teddy Bear Eastern Blue\u00ae Mali tartalmaz Kinder csokol\u00e1d\u00e9t, egy dobozot \u00e9s egy dekorat\u00edv TB\u00ae zs\u00e1kot, valamint egy nagy csokol\u00e1d\u00e9 zseml\u00e9t.<\/p>\n","protected":false},"featured_media":2449,"template":"","meta":[],"product_brand":[],"product_cat":[197,20],"product_tag":[144,405,101,362],"class_list":{"0":"post-2448","1":"product","2":"type-product","3":"status-publish","4":"has-post-thumbnail","6":"product_cat-edesseg-dobozok-hu","7":"product_cat-sweet-boxes","8":"product_tag-eastern","9":"product_tag-eastern-hu","10":"product_tag-kinder","11":"product_tag-kinder-hu","13":"first","14":"instock","15":"shipping-taxable","16":"purchasable","17":"product-type-simple"},"_links":{"self":[{"href":"https:\/\/teddybear.rs\/hu\/wp-json\/wp\/v2\/product\/2448","targetHints":{"allow":["GET"]}}],"collection":[{"href":"https:\/\/teddybear.rs\/hu\/wp-json\/wp\/v2\/product"}],"about":[{"href":"https:\/\/teddybear.rs\/hu\/wp-json\/wp\/v2\/types\/product"}],"wp:featuredmedia":[{"embeddable":true,"href":"https:\/\/teddybear.rs\/hu\/wp-json\/wp\/v2\/media\/2449"}],"wp:attachment":[{"href":"https:\/\/teddybear.rs\/hu\/wp-json\/wp\/v2\/media?parent=2448"}],"wp:term":[{"taxonomy":"product_brand","embeddable":true,"href":"https:\/\/teddybear.rs\/hu\/wp-json\/wp\/v2\/product_brand?post=2448"},{"taxonomy":"product_cat","embeddable":true,"href":"https:\/\/teddybear.rs\/hu\/wp-json\/wp\/v2\/product_cat?post=2448"},{"taxonomy":"product_tag","embeddable":true,"href":"https:\/\/teddybear.rs\/hu\/wp-json\/wp\/v2\/product_tag?post=2448"}],"curies":[{"name":"wp","href":"https:\/\/api.w.org\/{rel}","templated":true}]}}