{"id":2444,"date":"2018-04-02T11:40:56","date_gmt":"2018-04-02T11:40:56","guid":{"rendered":"http:\/\/teddybear.rs\/shop\/nem-kategorizalt\/eastern-blue-box\/"},"modified":"2019-05-22T09:10:18","modified_gmt":"2019-05-22T09:10:18","slug":"eastern-blue-box","status":"publish","type":"product","link":"https:\/\/teddybear.rs\/hu\/shop\/edesseg-dobozok-hu\/eastern-blue-box\/","title":{"rendered":"Teddy Bear Eastern Blue\u00ae Veliki"},"content":{"rendered":"<p>A Teddy Bear Eastern Blue\u00ae Large doboz 22 kisbab\u00e1t, k\u00e9t nagy h\u00fasv\u00e9ti toj\u00e1st, kedves csokol\u00e1d\u00e9t \u00e9s schoko bot, d\u00edsz\u00edt\u0151anyagot \u00e9s mack\u00f3 babot tartalmaz.<\/p>\n","protected":false},"excerpt":{"rendered":"<p>A Teddy Bear Eastern Blue\u00ae Large doboz 22 kisbab\u00e1t, k\u00e9t nagy h\u00fasv\u00e9ti toj\u00e1st, kedves csokol\u00e1d\u00e9t \u00e9s schoko bot, d\u00edsz\u00edt\u0151anyagot \u00e9s mack\u00f3 babot tartalmaz.<\/p>\n","protected":false},"featured_media":1952,"template":"","meta":[],"product_brand":[],"product_cat":[197,20],"product_tag":[101,362],"class_list":{"0":"post-2444","1":"product","2":"type-product","3":"status-publish","4":"has-post-thumbnail","6":"product_cat-edesseg-dobozok-hu","7":"product_cat-sweet-boxes","8":"product_tag-kinder","9":"product_tag-kinder-hu","11":"first","12":"instock","13":"shipping-taxable","14":"purchasable","15":"product-type-simple"},"_links":{"self":[{"href":"https:\/\/teddybear.rs\/hu\/wp-json\/wp\/v2\/product\/2444","targetHints":{"allow":["GET"]}}],"collection":[{"href":"https:\/\/teddybear.rs\/hu\/wp-json\/wp\/v2\/product"}],"about":[{"href":"https:\/\/teddybear.rs\/hu\/wp-json\/wp\/v2\/types\/product"}],"wp:featuredmedia":[{"embeddable":true,"href":"https:\/\/teddybear.rs\/hu\/wp-json\/wp\/v2\/media\/1952"}],"wp:attachment":[{"href":"https:\/\/teddybear.rs\/hu\/wp-json\/wp\/v2\/media?parent=2444"}],"wp:term":[{"taxonomy":"product_brand","embeddable":true,"href":"https:\/\/teddybear.rs\/hu\/wp-json\/wp\/v2\/product_brand?post=2444"},{"taxonomy":"product_cat","embeddable":true,"href":"https:\/\/teddybear.rs\/hu\/wp-json\/wp\/v2\/product_cat?post=2444"},{"taxonomy":"product_tag","embeddable":true,"href":"https:\/\/teddybear.rs\/hu\/wp-json\/wp\/v2\/product_tag?post=2444"}],"curies":[{"name":"wp","href":"https:\/\/api.w.org\/{rel}","templated":true}]}}