{"id":2443,"date":"2018-03-12T09:21:19","date_gmt":"2018-03-12T09:21:19","guid":{"rendered":"http:\/\/teddybear.rs\/shop\/nem-kategorizalt\/veliki-heart-kinder-box\/"},"modified":"2019-05-22T09:07:31","modified_gmt":"2019-05-22T09:07:31","slug":"veliki-heart-kinder-box","status":"publish","type":"product","link":"https:\/\/teddybear.rs\/hu\/shop\/edesseg-dobozok-hu\/veliki-heart-kinder-box\/","title":{"rendered":"Teddy Bear Heart box\u00ae Big Kinder"},"content":{"rendered":"<p>Teddy Bear Heart box\u00ae A Big Kinder Kinder toj\u00e1st \u00e9s Kinder csokol\u00e1d\u00e9t, dekorat\u00edv anyagot \u00e9s sz\u00edv alak\u00fa dobozt tartalmaz.<\/p>\n","protected":false},"excerpt":{"rendered":"<p>Teddy Bear Heart box\u00ae A Big Kinder Kinder toj\u00e1st \u00e9s Kinder csokol\u00e1d\u00e9t, dekorat\u00edv anyagot \u00e9s sz\u00edv alak\u00fa dobozt tartalmaz.<\/p>\n","protected":false},"featured_media":2096,"template":"","meta":[],"product_brand":[],"product_cat":[197],"product_tag":[403,366,332],"class_list":{"0":"post-2443","1":"product","2":"type-product","3":"status-publish","4":"has-post-thumbnail","6":"product_cat-edesseg-dobozok-hu","7":"product_tag-big-kinder-hu","8":"product_tag-heart-kinder-hu","9":"product_tag-sweetbox-hu","11":"first","12":"instock","13":"shipping-taxable","14":"purchasable","15":"product-type-simple"},"_links":{"self":[{"href":"https:\/\/teddybear.rs\/hu\/wp-json\/wp\/v2\/product\/2443","targetHints":{"allow":["GET"]}}],"collection":[{"href":"https:\/\/teddybear.rs\/hu\/wp-json\/wp\/v2\/product"}],"about":[{"href":"https:\/\/teddybear.rs\/hu\/wp-json\/wp\/v2\/types\/product"}],"wp:featuredmedia":[{"embeddable":true,"href":"https:\/\/teddybear.rs\/hu\/wp-json\/wp\/v2\/media\/2096"}],"wp:attachment":[{"href":"https:\/\/teddybear.rs\/hu\/wp-json\/wp\/v2\/media?parent=2443"}],"wp:term":[{"taxonomy":"product_brand","embeddable":true,"href":"https:\/\/teddybear.rs\/hu\/wp-json\/wp\/v2\/product_brand?post=2443"},{"taxonomy":"product_cat","embeddable":true,"href":"https:\/\/teddybear.rs\/hu\/wp-json\/wp\/v2\/product_cat?post=2443"},{"taxonomy":"product_tag","embeddable":true,"href":"https:\/\/teddybear.rs\/hu\/wp-json\/wp\/v2\/product_tag?post=2443"}],"curies":[{"name":"wp","href":"https:\/\/api.w.org\/{rel}","templated":true}]}}