{"id":2439,"date":"2018-04-24T21:09:15","date_gmt":"2018-04-24T21:09:15","guid":{"rendered":"http:\/\/teddybear.rs\/shop\/nem-kategorizalt\/grand-ferrero-box\/"},"modified":"2019-05-22T09:01:21","modified_gmt":"2019-05-22T09:01:21","slug":"grand-ferrero-box","status":"publish","type":"product","link":"https:\/\/teddybear.rs\/hu\/shop\/edesseg-dobozok-hu\/grand-ferrero-box\/","title":{"rendered":"Teddy Bear Le Grand\u00ae"},"content":{"rendered":"<p>Teddy Bear Le Grand\u00ae A Teddy Bear\u00ae doboz f\u00e9lig tele van dekorat\u00edv anyaggal \u00e9s f\u00e9lig ferrero goly\u00f3val. Befejez\u0151 \u00e9rint\u00e9sk\u00e9nt h\u00e1rom nagy ferrero goly\u00f3t adnak a tetej\u00e9re, \u00e9s az eg\u00e9sz doboz szat\u00e9n t\u00e1lral van ell\u00e1tva.<\/p>\n","protected":false},"excerpt":{"rendered":"<p>Teddy Bear Le Grand\u00ae A Teddy Bear\u00ae doboz f\u00e9lig tele van dekorat\u00edv anyaggal \u00e9s f\u00e9lig ferrero goly\u00f3val. Befejez\u0151 \u00e9rint\u00e9sk\u00e9nt h\u00e1rom nagy ferrero goly\u00f3t adnak a tetej\u00e9re,<span class=\"excerpt-hellip\"> [\u2026]<\/span><\/p>\n","protected":false},"featured_media":1943,"template":"","meta":[],"product_brand":[],"product_cat":[197,20],"product_tag":[154,401],"class_list":{"0":"post-2439","1":"product","2":"type-product","3":"status-publish","4":"has-post-thumbnail","6":"product_cat-edesseg-dobozok-hu","7":"product_cat-sweet-boxes","8":"product_tag-grand-ferrero-box","9":"product_tag-grand-ferrero-box-hu","11":"first","12":"instock","13":"shipping-taxable","14":"purchasable","15":"product-type-simple"},"_links":{"self":[{"href":"https:\/\/teddybear.rs\/hu\/wp-json\/wp\/v2\/product\/2439","targetHints":{"allow":["GET"]}}],"collection":[{"href":"https:\/\/teddybear.rs\/hu\/wp-json\/wp\/v2\/product"}],"about":[{"href":"https:\/\/teddybear.rs\/hu\/wp-json\/wp\/v2\/types\/product"}],"wp:featuredmedia":[{"embeddable":true,"href":"https:\/\/teddybear.rs\/hu\/wp-json\/wp\/v2\/media\/1943"}],"wp:attachment":[{"href":"https:\/\/teddybear.rs\/hu\/wp-json\/wp\/v2\/media?parent=2439"}],"wp:term":[{"taxonomy":"product_brand","embeddable":true,"href":"https:\/\/teddybear.rs\/hu\/wp-json\/wp\/v2\/product_brand?post=2439"},{"taxonomy":"product_cat","embeddable":true,"href":"https:\/\/teddybear.rs\/hu\/wp-json\/wp\/v2\/product_cat?post=2439"},{"taxonomy":"product_tag","embeddable":true,"href":"https:\/\/teddybear.rs\/hu\/wp-json\/wp\/v2\/product_tag?post=2439"}],"curies":[{"name":"wp","href":"https:\/\/api.w.org\/{rel}","templated":true}]}}