{"id":2432,"date":"2018-02-08T09:47:37","date_gmt":"2018-02-08T09:47:37","guid":{"rendered":"http:\/\/teddybear.rs\/shop\/nem-kategorizalt\/mali-ferrero-military-box\/"},"modified":"2019-05-22T08:58:56","modified_gmt":"2019-05-22T08:58:56","slug":"mali-ferrero-military-box","status":"publish","type":"product","link":"https:\/\/teddybear.rs\/hu\/shop\/edesseg-dobozok-hu\/mali-ferrero-military-box\/","title":{"rendered":"Teddy Bear Military\u00ae"},"content":{"rendered":"<p>A Teddy Bear Military\u00ae Ferrero term\u00e9keket, d\u00edsz\u00edt\u0151anyagokat \u00e9s katonai tervez\u0151 dobozokat tartalmaz.<\/p>\n","protected":false},"excerpt":{"rendered":"<p>A Teddy Bear Military\u00ae Ferrero term\u00e9keket, d\u00edsz\u00edt\u0151anyagokat \u00e9s katonai tervez\u0151 dobozokat tartalmaz.<\/p>\n","protected":false},"featured_media":2435,"template":"","meta":[],"product_brand":[],"product_cat":[197],"product_tag":[324,398],"class_list":{"0":"post-2432","1":"product","2":"type-product","3":"status-publish","4":"has-post-thumbnail","6":"product_cat-edesseg-dobozok-hu","7":"product_tag-ferrero-hu","8":"product_tag-military-hu","10":"first","11":"instock","12":"shipping-taxable","13":"purchasable","14":"product-type-simple"},"_links":{"self":[{"href":"https:\/\/teddybear.rs\/hu\/wp-json\/wp\/v2\/product\/2432","targetHints":{"allow":["GET"]}}],"collection":[{"href":"https:\/\/teddybear.rs\/hu\/wp-json\/wp\/v2\/product"}],"about":[{"href":"https:\/\/teddybear.rs\/hu\/wp-json\/wp\/v2\/types\/product"}],"wp:featuredmedia":[{"embeddable":true,"href":"https:\/\/teddybear.rs\/hu\/wp-json\/wp\/v2\/media\/2435"}],"wp:attachment":[{"href":"https:\/\/teddybear.rs\/hu\/wp-json\/wp\/v2\/media?parent=2432"}],"wp:term":[{"taxonomy":"product_brand","embeddable":true,"href":"https:\/\/teddybear.rs\/hu\/wp-json\/wp\/v2\/product_brand?post=2432"},{"taxonomy":"product_cat","embeddable":true,"href":"https:\/\/teddybear.rs\/hu\/wp-json\/wp\/v2\/product_cat?post=2432"},{"taxonomy":"product_tag","embeddable":true,"href":"https:\/\/teddybear.rs\/hu\/wp-json\/wp\/v2\/product_tag?post=2432"}],"curies":[{"name":"wp","href":"https:\/\/api.w.org\/{rel}","templated":true}]}}