{"id":2429,"date":"2018-11-18T08:36:16","date_gmt":"2018-11-18T08:36:16","guid":{"rendered":"http:\/\/teddybear.rs\/shop\/nem-kategorizalt\/teddy-bear-milka-xmas-silver-pink\/"},"modified":"2019-05-22T08:55:38","modified_gmt":"2019-05-22T08:55:38","slug":"teddy-bear-milka-xmas-silver-pink","status":"publish","type":"product","link":"https:\/\/teddybear.rs\/hu\/shop\/edesseg-dobozok-hu\/teddy-bear-milka-xmas-silver-pink\/","title":{"rendered":"Teddy Bear Milka Xmas Tornado box\u00ae"},"content":{"rendered":"<p>A Milka Xmas Tornado doboz ide\u00e1lis aj\u00e1nd\u00e9k a szilveszteri \u00fcnnepek sz\u00e1m\u00e1ra, amely a Milka term\u00e9kek sz\u00e9les sk\u00e1l\u00e1j\u00e1t tartalmazza.<\/p>\n","protected":false},"excerpt":{"rendered":"<p>A Milka Xmas Tornado doboz ide\u00e1lis aj\u00e1nd\u00e9k a szilveszteri \u00fcnnepek sz\u00e1m\u00e1ra, amely a Milka term\u00e9kek sz\u00e9les sk\u00e1l\u00e1j\u00e1t tartalmazza.<\/p>\n","protected":false},"featured_media":1920,"template":"","meta":[],"product_brand":[],"product_cat":[197],"product_tag":[],"class_list":{"0":"post-2429","1":"product","2":"type-product","3":"status-publish","4":"has-post-thumbnail","6":"product_cat-edesseg-dobozok-hu","8":"first","9":"instock","10":"shipping-taxable","11":"purchasable","12":"product-type-simple"},"_links":{"self":[{"href":"https:\/\/teddybear.rs\/hu\/wp-json\/wp\/v2\/product\/2429","targetHints":{"allow":["GET"]}}],"collection":[{"href":"https:\/\/teddybear.rs\/hu\/wp-json\/wp\/v2\/product"}],"about":[{"href":"https:\/\/teddybear.rs\/hu\/wp-json\/wp\/v2\/types\/product"}],"wp:featuredmedia":[{"embeddable":true,"href":"https:\/\/teddybear.rs\/hu\/wp-json\/wp\/v2\/media\/1920"}],"wp:attachment":[{"href":"https:\/\/teddybear.rs\/hu\/wp-json\/wp\/v2\/media?parent=2429"}],"wp:term":[{"taxonomy":"product_brand","embeddable":true,"href":"https:\/\/teddybear.rs\/hu\/wp-json\/wp\/v2\/product_brand?post=2429"},{"taxonomy":"product_cat","embeddable":true,"href":"https:\/\/teddybear.rs\/hu\/wp-json\/wp\/v2\/product_cat?post=2429"},{"taxonomy":"product_tag","embeddable":true,"href":"https:\/\/teddybear.rs\/hu\/wp-json\/wp\/v2\/product_tag?post=2429"}],"curies":[{"name":"wp","href":"https:\/\/api.w.org\/{rel}","templated":true}]}}