{"id":2425,"date":"2019-04-13T23:58:52","date_gmt":"2019-04-13T23:58:52","guid":{"rendered":"http:\/\/teddybear.rs\/shop\/nem-kategorizalt\/teddy-bear-oreo-limited-edition\/"},"modified":"2019-05-22T08:50:19","modified_gmt":"2019-05-22T08:50:19","slug":"teddy-bear-oreo-limited-edition","status":"publish","type":"product","link":"https:\/\/teddybear.rs\/hu\/shop\/edesseg-dobozok-hu\/teddy-bear-oreo-limited-edition\/","title":{"rendered":"Teddy Bear Oreo LIMITED EDITION \u00ae"},"content":{"rendered":"<p>Teddy Bear Oreo LIMITED EDITION\u00ae aj\u00e1nd\u00e9krendszer v\u00e1ltozatos Oreo csokol\u00e1d\u00e9val.<\/p>\n","protected":false},"excerpt":{"rendered":"<p>Teddy Bear Oreo LIMITED EDITION\u00ae aj\u00e1nd\u00e9krendszer v\u00e1ltozatos Oreo csokol\u00e1d\u00e9val.<\/p>\n","protected":false},"featured_media":1962,"template":"","meta":[],"product_brand":[],"product_cat":[197],"product_tag":[],"class_list":{"0":"post-2425","1":"product","2":"type-product","3":"status-publish","4":"has-post-thumbnail","6":"product_cat-edesseg-dobozok-hu","8":"first","9":"instock","10":"shipping-taxable","11":"purchasable","12":"product-type-simple"},"_links":{"self":[{"href":"https:\/\/teddybear.rs\/hu\/wp-json\/wp\/v2\/product\/2425","targetHints":{"allow":["GET"]}}],"collection":[{"href":"https:\/\/teddybear.rs\/hu\/wp-json\/wp\/v2\/product"}],"about":[{"href":"https:\/\/teddybear.rs\/hu\/wp-json\/wp\/v2\/types\/product"}],"wp:featuredmedia":[{"embeddable":true,"href":"https:\/\/teddybear.rs\/hu\/wp-json\/wp\/v2\/media\/1962"}],"wp:attachment":[{"href":"https:\/\/teddybear.rs\/hu\/wp-json\/wp\/v2\/media?parent=2425"}],"wp:term":[{"taxonomy":"product_brand","embeddable":true,"href":"https:\/\/teddybear.rs\/hu\/wp-json\/wp\/v2\/product_brand?post=2425"},{"taxonomy":"product_cat","embeddable":true,"href":"https:\/\/teddybear.rs\/hu\/wp-json\/wp\/v2\/product_cat?post=2425"},{"taxonomy":"product_tag","embeddable":true,"href":"https:\/\/teddybear.rs\/hu\/wp-json\/wp\/v2\/product_tag?post=2425"}],"curies":[{"name":"wp","href":"https:\/\/api.w.org\/{rel}","templated":true}]}}