{"id":2422,"date":"2018-08-06T22:02:29","date_gmt":"2018-08-06T22:02:29","guid":{"rendered":"http:\/\/teddybear.rs\/shop\/nem-kategorizalt\/kinder-rhino-box\/"},"modified":"2019-05-22T08:49:02","modified_gmt":"2019-05-22T08:49:02","slug":"kinder-rhino-box","status":"publish","type":"product","link":"https:\/\/teddybear.rs\/hu\/shop\/edesseg-dobozok-hu\/kinder-rhino-box\/","title":{"rendered":"Teddy Bear Rhino\u00ae"},"content":{"rendered":"<p>A Teddy Bear Rhino\u00ae az igazi Gourmet term\u00e9khez k\u00e9sz\u00fclt. A dobozban megtal\u00e1lhat\u00f3 a legfinomabb csokol\u00e1d\u00e9k, valamint a Kinder\u00ae pl\u00fcss j\u00e1t\u00e9kkal elker\u00fclhetetlen \u00f3vatos toj\u00e1sok, \u00e9s az eg\u00e9sz doboz m\u00e9g \u00e9desebb\u00e9 t\u00e9tele \u00e9rdek\u00e9ben a csod\u00e1latos aj\u00e1nd\u00e9kot Rhino pl\u00fcsssel eg\u00e9sz\u00edtett\u00fck ki.<\/p>\n","protected":false},"excerpt":{"rendered":"<p>A Teddy Bear Rhino\u00ae az igazi Gourmet term\u00e9khez k\u00e9sz\u00fclt. A dobozban megtal\u00e1lhat\u00f3 a legfinomabb csokol\u00e1d\u00e9k, valamint a Kinder\u00ae pl\u00fcss j\u00e1t\u00e9kkal elker\u00fclhetetlen \u00f3vatos toj\u00e1sok, \u00e9s az eg\u00e9sz<span class=\"excerpt-hellip\"> [\u2026]<\/span><\/p>\n","protected":false},"featured_media":1926,"template":"","meta":[],"product_brand":[],"product_cat":[197,20],"product_tag":[],"class_list":{"0":"post-2422","1":"product","2":"type-product","3":"status-publish","4":"has-post-thumbnail","6":"product_cat-edesseg-dobozok-hu","7":"product_cat-sweet-boxes","9":"first","10":"instock","11":"shipping-taxable","12":"purchasable","13":"product-type-simple"},"_links":{"self":[{"href":"https:\/\/teddybear.rs\/hu\/wp-json\/wp\/v2\/product\/2422","targetHints":{"allow":["GET"]}}],"collection":[{"href":"https:\/\/teddybear.rs\/hu\/wp-json\/wp\/v2\/product"}],"about":[{"href":"https:\/\/teddybear.rs\/hu\/wp-json\/wp\/v2\/types\/product"}],"wp:featuredmedia":[{"embeddable":true,"href":"https:\/\/teddybear.rs\/hu\/wp-json\/wp\/v2\/media\/1926"}],"wp:attachment":[{"href":"https:\/\/teddybear.rs\/hu\/wp-json\/wp\/v2\/media?parent=2422"}],"wp:term":[{"taxonomy":"product_brand","embeddable":true,"href":"https:\/\/teddybear.rs\/hu\/wp-json\/wp\/v2\/product_brand?post=2422"},{"taxonomy":"product_cat","embeddable":true,"href":"https:\/\/teddybear.rs\/hu\/wp-json\/wp\/v2\/product_cat?post=2422"},{"taxonomy":"product_tag","embeddable":true,"href":"https:\/\/teddybear.rs\/hu\/wp-json\/wp\/v2\/product_tag?post=2422"}],"curies":[{"name":"wp","href":"https:\/\/api.w.org\/{rel}","templated":true}]}}