{"id":2421,"date":"2018-02-07T09:58:10","date_gmt":"2018-02-07T09:58:10","guid":{"rendered":"http:\/\/teddybear.rs\/shop\/nem-kategorizalt\/milka-silver-box\/"},"modified":"2019-05-22T08:46:26","modified_gmt":"2019-05-22T08:46:26","slug":"milka-silver-box","status":"publish","type":"product","link":"https:\/\/teddybear.rs\/hu\/shop\/edesseg-dobozok-hu\/milka-silver-box\/","title":{"rendered":"Teddy Bear SILVER\u00ae"},"content":{"rendered":"<p>A Teddy Bear SILVER\u00ae a legk\u00f6nnyebb \u00e9s legv\u00e1ltozatosabb Milka term\u00e9keket, ez\u00fcstdobozokat \u00e9s dekorat\u00edv anyagokat tartalmazza.<\/p>\n","protected":false},"excerpt":{"rendered":"<p>A Teddy Bear SILVER\u00ae a legk\u00f6nnyebb \u00e9s legv\u00e1ltozatosabb Milka term\u00e9keket, ez\u00fcstdobozokat \u00e9s dekorat\u00edv anyagokat tartalmazza.<\/p>\n","protected":false},"featured_media":1971,"template":"","meta":[],"product_brand":[],"product_cat":[197,20],"product_tag":[24,348],"class_list":{"0":"post-2421","1":"product","2":"type-product","3":"status-publish","4":"has-post-thumbnail","6":"product_cat-edesseg-dobozok-hu","7":"product_cat-sweet-boxes","8":"product_tag-milka","9":"product_tag-milka-hu","11":"first","12":"instock","13":"shipping-taxable","14":"purchasable","15":"product-type-simple"},"_links":{"self":[{"href":"https:\/\/teddybear.rs\/hu\/wp-json\/wp\/v2\/product\/2421","targetHints":{"allow":["GET"]}}],"collection":[{"href":"https:\/\/teddybear.rs\/hu\/wp-json\/wp\/v2\/product"}],"about":[{"href":"https:\/\/teddybear.rs\/hu\/wp-json\/wp\/v2\/types\/product"}],"wp:featuredmedia":[{"embeddable":true,"href":"https:\/\/teddybear.rs\/hu\/wp-json\/wp\/v2\/media\/1971"}],"wp:attachment":[{"href":"https:\/\/teddybear.rs\/hu\/wp-json\/wp\/v2\/media?parent=2421"}],"wp:term":[{"taxonomy":"product_brand","embeddable":true,"href":"https:\/\/teddybear.rs\/hu\/wp-json\/wp\/v2\/product_brand?post=2421"},{"taxonomy":"product_cat","embeddable":true,"href":"https:\/\/teddybear.rs\/hu\/wp-json\/wp\/v2\/product_cat?post=2421"},{"taxonomy":"product_tag","embeddable":true,"href":"https:\/\/teddybear.rs\/hu\/wp-json\/wp\/v2\/product_tag?post=2421"}],"curies":[{"name":"wp","href":"https:\/\/api.w.org\/{rel}","templated":true}]}}