{"id":2412,"date":"2019-04-21T15:26:51","date_gmt":"2019-04-21T15:26:51","guid":{"rendered":"http:\/\/teddybear.rs\/shop\/nem-kategorizalt\/teddy-bear-dante\/"},"modified":"2019-05-22T08:38:10","modified_gmt":"2019-05-22T08:38:10","slug":"teddy-bear-dante","status":"publish","type":"product","link":"https:\/\/teddybear.rs\/hu\/shop\/edesseg-dobozok-hu\/teddy-bear-dante\/","title":{"rendered":"Teddy Bear\u00ae Dante"},"content":{"rendered":"<p>Teddy Bear\u00ae Dante Aj\u00e1nd\u00e9kt\u00e1rgy a legeleg\u00e1nsabb alkalmakra!<\/p>\n","protected":false},"excerpt":{"rendered":"<p><strong>Teddy Bear\u00ae Dante\u00a0<\/strong>sadr\u017ei Ferrero \u010dokolade.<\/p>\n","protected":false},"featured_media":2108,"template":"","meta":[],"product_brand":[],"product_cat":[197],"product_tag":[394,324,395,249],"class_list":{"0":"post-2412","1":"product","2":"type-product","3":"status-publish","4":"has-post-thumbnail","6":"product_cat-edesseg-dobozok-hu","7":"product_tag-aranzman-hu","8":"product_tag-ferrero-hu","9":"product_tag-iznenadjenje-hu","10":"product_tag-poklon-hu","12":"first","13":"instock","14":"shipping-taxable","15":"purchasable","16":"product-type-simple"},"_links":{"self":[{"href":"https:\/\/teddybear.rs\/hu\/wp-json\/wp\/v2\/product\/2412","targetHints":{"allow":["GET"]}}],"collection":[{"href":"https:\/\/teddybear.rs\/hu\/wp-json\/wp\/v2\/product"}],"about":[{"href":"https:\/\/teddybear.rs\/hu\/wp-json\/wp\/v2\/types\/product"}],"wp:featuredmedia":[{"embeddable":true,"href":"https:\/\/teddybear.rs\/hu\/wp-json\/wp\/v2\/media\/2108"}],"wp:attachment":[{"href":"https:\/\/teddybear.rs\/hu\/wp-json\/wp\/v2\/media?parent=2412"}],"wp:term":[{"taxonomy":"product_brand","embeddable":true,"href":"https:\/\/teddybear.rs\/hu\/wp-json\/wp\/v2\/product_brand?post=2412"},{"taxonomy":"product_cat","embeddable":true,"href":"https:\/\/teddybear.rs\/hu\/wp-json\/wp\/v2\/product_cat?post=2412"},{"taxonomy":"product_tag","embeddable":true,"href":"https:\/\/teddybear.rs\/hu\/wp-json\/wp\/v2\/product_tag?post=2412"}],"curies":[{"name":"wp","href":"https:\/\/api.w.org\/{rel}","templated":true}]}}