{"id":2411,"date":"2018-03-12T09:13:26","date_gmt":"2018-03-12T09:13:26","guid":{"rendered":"http:\/\/teddybear.rs\/shop\/nem-kategorizalt\/oreo-box\/"},"modified":"2019-05-22T08:36:50","modified_gmt":"2019-05-22T08:36:50","slug":"oreo-box","status":"publish","type":"product","link":"https:\/\/teddybear.rs\/hu\/shop\/edesseg-dobozok-hu\/oreo-box\/","title":{"rendered":"Teddy Bear\u00ae Oreo box"},"content":{"rendered":"<p>A Teddy Bear\u00ae Oreo doboz Oreo term\u00e9keket, d\u00edsz\u00edt\u0151anyagot \u00e9s dobozot tartalmaz Teddy Bear Gift Shop\u00ae szalaggal.<\/p>\n","protected":false},"excerpt":{"rendered":"<p>A Teddy Bear\u00ae Oreo doboz Oreo term\u00e9keket, d\u00edsz\u00edt\u0151anyagot \u00e9s dobozot tartalmaz Teddy Bear Gift Shop\u00ae szalaggal.<\/p>\n","protected":false},"featured_media":1958,"template":"","meta":[],"product_brand":[],"product_cat":[197],"product_tag":[341,393,332],"class_list":{"0":"post-2411","1":"product","2":"type-product","3":"status-publish","4":"has-post-thumbnail","6":"product_cat-edesseg-dobozok-hu","7":"product_tag-box-hu","8":"product_tag-oreo-hu","9":"product_tag-sweetbox-hu","11":"first","12":"instock","13":"shipping-taxable","14":"purchasable","15":"product-type-simple"},"_links":{"self":[{"href":"https:\/\/teddybear.rs\/hu\/wp-json\/wp\/v2\/product\/2411","targetHints":{"allow":["GET"]}}],"collection":[{"href":"https:\/\/teddybear.rs\/hu\/wp-json\/wp\/v2\/product"}],"about":[{"href":"https:\/\/teddybear.rs\/hu\/wp-json\/wp\/v2\/types\/product"}],"wp:featuredmedia":[{"embeddable":true,"href":"https:\/\/teddybear.rs\/hu\/wp-json\/wp\/v2\/media\/1958"}],"wp:attachment":[{"href":"https:\/\/teddybear.rs\/hu\/wp-json\/wp\/v2\/media?parent=2411"}],"wp:term":[{"taxonomy":"product_brand","embeddable":true,"href":"https:\/\/teddybear.rs\/hu\/wp-json\/wp\/v2\/product_brand?post=2411"},{"taxonomy":"product_cat","embeddable":true,"href":"https:\/\/teddybear.rs\/hu\/wp-json\/wp\/v2\/product_cat?post=2411"},{"taxonomy":"product_tag","embeddable":true,"href":"https:\/\/teddybear.rs\/hu\/wp-json\/wp\/v2\/product_tag?post=2411"}],"curies":[{"name":"wp","href":"https:\/\/api.w.org\/{rel}","templated":true}]}}