{"id":2408,"date":"2018-02-07T09:10:09","date_gmt":"2018-02-07T09:10:09","guid":{"rendered":"http:\/\/teddybear.rs\/shop\/nem-kategorizalt\/haribo-box-small\/"},"modified":"2019-05-22T08:34:18","modified_gmt":"2019-05-22T08:34:18","slug":"haribo-box-small","status":"publish","type":"product","link":"https:\/\/teddybear.rs\/hu\/shop\/edesseg-dobozok-hu\/haribo-box-small\/","title":{"rendered":"Teddy Bear\u00ae Small box Haribo"},"content":{"rendered":"<p>Teddy Bear\u00ae kis doboz A Haribo k\u00fcl\u00f6nf\u00e9le csomagokat tartalmaz Haribo gumi cukork\u00e1t \u00e9s Haribo j\u00e1t\u00e9kot.<\/p>\n<p>(MEGJEGYZ\u00c9S! Ha nincs rakt\u00e1ron rendelkez\u00e9sre \u00e1ll\u00f3 pl\u00fcss Haribo medve, a doboz n\u00e9lk\u00fcl is kaphat\u00f3)<\/p>\n","protected":false},"excerpt":{"rendered":"<p>Teddy Bear\u00ae kis doboz A Haribo k\u00fcl\u00f6nf\u00e9le csomagokat tartalmaz Haribo gumi cukork\u00e1t \u00e9s Haribo j\u00e1t\u00e9kot. (MEGJEGYZ\u00c9S! Ha nincs rakt\u00e1ron rendelkez\u00e9sre \u00e1ll\u00f3 pl\u00fcss Haribo medve, a doboz<span class=\"excerpt-hellip\"> [\u2026]<\/span><\/p>\n","protected":false},"featured_media":1974,"template":"","meta":[],"product_brand":[],"product_cat":[197],"product_tag":[368,390],"class_list":{"0":"post-2408","1":"product","2":"type-product","3":"status-publish","4":"has-post-thumbnail","6":"product_cat-edesseg-dobozok-hu","7":"product_tag-haribo-hu","8":"product_tag-haribo-sweetbox-hu","10":"first","11":"instock","12":"shipping-taxable","13":"purchasable","14":"product-type-simple"},"_links":{"self":[{"href":"https:\/\/teddybear.rs\/hu\/wp-json\/wp\/v2\/product\/2408","targetHints":{"allow":["GET"]}}],"collection":[{"href":"https:\/\/teddybear.rs\/hu\/wp-json\/wp\/v2\/product"}],"about":[{"href":"https:\/\/teddybear.rs\/hu\/wp-json\/wp\/v2\/types\/product"}],"wp:featuredmedia":[{"embeddable":true,"href":"https:\/\/teddybear.rs\/hu\/wp-json\/wp\/v2\/media\/1974"}],"wp:attachment":[{"href":"https:\/\/teddybear.rs\/hu\/wp-json\/wp\/v2\/media?parent=2408"}],"wp:term":[{"taxonomy":"product_brand","embeddable":true,"href":"https:\/\/teddybear.rs\/hu\/wp-json\/wp\/v2\/product_brand?post=2408"},{"taxonomy":"product_cat","embeddable":true,"href":"https:\/\/teddybear.rs\/hu\/wp-json\/wp\/v2\/product_cat?post=2408"},{"taxonomy":"product_tag","embeddable":true,"href":"https:\/\/teddybear.rs\/hu\/wp-json\/wp\/v2\/product_tag?post=2408"}],"curies":[{"name":"wp","href":"https:\/\/api.w.org\/{rel}","templated":true}]}}