{"id":2407,"date":"2018-04-24T21:55:20","date_gmt":"2018-04-24T21:55:20","guid":{"rendered":"http:\/\/teddybear.rs\/shop\/nem-kategorizalt\/veliki-ferrero-box-2\/"},"modified":"2019-05-22T08:31:56","modified_gmt":"2019-05-22T08:31:56","slug":"veliki-ferrero-box-2","status":"publish","type":"product","link":"https:\/\/teddybear.rs\/hu\/shop\/edesseg-dobozok-hu\/veliki-ferrero-box-2\/","title":{"rendered":"Teddy Bear\u00ae Veliki Ferrero"},"content":{"rendered":"<p>Teddy Bear\u00ae Large Ferrero doboz, f\u00e9lig t\u00f6lt\u00f6tt dekorat\u00edv anyaggal, a fele a Ferrero goly\u00f3kkal. Befejez\u0151 \u00e9rint\u00e9sk\u00e9nt n\u00e9gy Ferrero g\u00f6mb\u00f6t adtunk a tetej\u00e9re, csomagolt dobozunkba csomagoltuk piros szat\u00e9n t\u00e1lral, \u00e9s az eg\u00e9sz dobozt egy nagyobb szat\u00e9n t\u00e1l eg\u00e9sz\u00edtette ki.<\/p>\n","protected":false},"excerpt":{"rendered":"<p>Teddy Bear\u00ae Large Ferrero doboz, f\u00e9lig t\u00f6lt\u00f6tt dekorat\u00edv anyaggal, a fele a Ferrero goly\u00f3kkal. Befejez\u0151 \u00e9rint\u00e9sk\u00e9nt n\u00e9gy Ferrero g\u00f6mb\u00f6t adtunk a tetej\u00e9re, csomagolt dobozunkba csomagoltuk piros<span class=\"excerpt-hellip\"> [\u2026]<\/span><\/p>\n","protected":false},"featured_media":1935,"template":"","meta":[],"product_brand":[],"product_cat":[197,20],"product_tag":[66,341,41,378,22,322,159,389],"class_list":{"0":"post-2407","1":"product","2":"type-product","3":"status-publish","4":"has-post-thumbnail","6":"product_cat-edesseg-dobozok-hu","7":"product_cat-sweet-boxes","8":"product_tag-box","9":"product_tag-box-hu","10":"product_tag-ferrero-box","11":"product_tag-ferrero-box-hu","12":"product_tag-sweet-box","13":"product_tag-sweet-box-hu","14":"product_tag-veliki-ferrero-box","15":"product_tag-veliki-ferrero-box-hu","17":"first","18":"instock","19":"shipping-taxable","20":"purchasable","21":"product-type-simple"},"_links":{"self":[{"href":"https:\/\/teddybear.rs\/hu\/wp-json\/wp\/v2\/product\/2407","targetHints":{"allow":["GET"]}}],"collection":[{"href":"https:\/\/teddybear.rs\/hu\/wp-json\/wp\/v2\/product"}],"about":[{"href":"https:\/\/teddybear.rs\/hu\/wp-json\/wp\/v2\/types\/product"}],"wp:featuredmedia":[{"embeddable":true,"href":"https:\/\/teddybear.rs\/hu\/wp-json\/wp\/v2\/media\/1935"}],"wp:attachment":[{"href":"https:\/\/teddybear.rs\/hu\/wp-json\/wp\/v2\/media?parent=2407"}],"wp:term":[{"taxonomy":"product_brand","embeddable":true,"href":"https:\/\/teddybear.rs\/hu\/wp-json\/wp\/v2\/product_brand?post=2407"},{"taxonomy":"product_cat","embeddable":true,"href":"https:\/\/teddybear.rs\/hu\/wp-json\/wp\/v2\/product_cat?post=2407"},{"taxonomy":"product_tag","embeddable":true,"href":"https:\/\/teddybear.rs\/hu\/wp-json\/wp\/v2\/product_tag?post=2407"}],"curies":[{"name":"wp","href":"https:\/\/api.w.org\/{rel}","templated":true}]}}