{"id":2402,"date":"2017-12-08T10:01:18","date_gmt":"2017-12-08T10:01:18","guid":{"rendered":"http:\/\/teddybear.rs\/shop\/nem-kategorizalt\/after-eight-box\/"},"modified":"2019-05-22T08:29:09","modified_gmt":"2019-05-22T08:29:09","slug":"after-eight-box","status":"publish","type":"product","link":"https:\/\/teddybear.rs\/hu\/shop\/edesseg-dobozok-hu\/after-eight-box\/","title":{"rendered":"Teddy Bear \u00ae After Eight box"},"content":{"rendered":"<p>A Teddy Bear\u00ae After Eight doboz a legmagasabb min\u0151s\u00e9g\u0171 After Eight csokol\u00e1d\u00e9t \u00e9s dekorat\u00edv anyagot tartalmazza.<\/p>\n","protected":false},"excerpt":{"rendered":"<p>A Teddy Bear\u00ae After Eight doboz a legmagasabb min\u0151s\u00e9g\u0171 After Eight csokol\u00e1d\u00e9t \u00e9s dekorat\u00edv anyagot tartalmazza.<\/p>\n","protected":false},"featured_media":2403,"template":"","meta":[],"product_brand":[],"product_cat":[197,20],"product_tag":[104,385,103,384],"class_list":{"0":"post-2402","1":"product","2":"type-product","3":"status-publish","4":"has-post-thumbnail","6":"product_cat-edesseg-dobozok-hu","7":"product_cat-sweet-boxes","8":"product_tag-after-eight-cokoladice","9":"product_tag-after-eight-cokoladice-hu","10":"product_tag-after8","11":"product_tag-after8-hu","13":"first","14":"instock","15":"shipping-taxable","16":"purchasable","17":"product-type-simple"},"_links":{"self":[{"href":"https:\/\/teddybear.rs\/hu\/wp-json\/wp\/v2\/product\/2402","targetHints":{"allow":["GET"]}}],"collection":[{"href":"https:\/\/teddybear.rs\/hu\/wp-json\/wp\/v2\/product"}],"about":[{"href":"https:\/\/teddybear.rs\/hu\/wp-json\/wp\/v2\/types\/product"}],"wp:featuredmedia":[{"embeddable":true,"href":"https:\/\/teddybear.rs\/hu\/wp-json\/wp\/v2\/media\/2403"}],"wp:attachment":[{"href":"https:\/\/teddybear.rs\/hu\/wp-json\/wp\/v2\/media?parent=2402"}],"wp:term":[{"taxonomy":"product_brand","embeddable":true,"href":"https:\/\/teddybear.rs\/hu\/wp-json\/wp\/v2\/product_brand?post=2402"},{"taxonomy":"product_cat","embeddable":true,"href":"https:\/\/teddybear.rs\/hu\/wp-json\/wp\/v2\/product_cat?post=2402"},{"taxonomy":"product_tag","embeddable":true,"href":"https:\/\/teddybear.rs\/hu\/wp-json\/wp\/v2\/product_tag?post=2402"}],"curies":[{"name":"wp","href":"https:\/\/api.w.org\/{rel}","templated":true}]}}