{"id":2400,"date":"2017-11-30T12:00:38","date_gmt":"2017-11-30T12:00:38","guid":{"rendered":"http:\/\/teddybear.rs\/shop\/nem-kategorizalt\/small-bounty-box\/"},"modified":"2019-05-22T08:26:49","modified_gmt":"2019-05-22T08:26:49","slug":"small-bounty-box","status":"publish","type":"product","link":"https:\/\/teddybear.rs\/hu\/shop\/edesseg-dobozok-hu\/small-bounty-box\/","title":{"rendered":"Teddy Bear\u00ae Bounty Box"},"content":{"rendered":"<p>Teddy Bear\u00ae Bounty Box tartalmaz bounty palackokat, bounty kr\u00e9meket \u00e9s dekorat\u00edv anyagokat.<\/p>\n","protected":false},"excerpt":{"rendered":"<p>Teddy Bear\u00ae Bounty Box tartalmaz bounty palackokat, bounty kr\u00e9meket \u00e9s dekorat\u00edv anyagokat.<\/p>\n","protected":false},"featured_media":2046,"template":"","meta":[],"product_brand":[],"product_cat":[197],"product_tag":[381,380,322],"class_list":{"0":"post-2400","1":"product","2":"type-product","3":"status-publish","4":"has-post-thumbnail","6":"product_cat-edesseg-dobozok-hu","7":"product_tag-bounty-box-hu","8":"product_tag-small-bounty-box-hu","9":"product_tag-sweet-box-hu","11":"first","12":"instock","13":"shipping-taxable","14":"purchasable","15":"product-type-simple"},"_links":{"self":[{"href":"https:\/\/teddybear.rs\/hu\/wp-json\/wp\/v2\/product\/2400","targetHints":{"allow":["GET"]}}],"collection":[{"href":"https:\/\/teddybear.rs\/hu\/wp-json\/wp\/v2\/product"}],"about":[{"href":"https:\/\/teddybear.rs\/hu\/wp-json\/wp\/v2\/types\/product"}],"wp:featuredmedia":[{"embeddable":true,"href":"https:\/\/teddybear.rs\/hu\/wp-json\/wp\/v2\/media\/2046"}],"wp:attachment":[{"href":"https:\/\/teddybear.rs\/hu\/wp-json\/wp\/v2\/media?parent=2400"}],"wp:term":[{"taxonomy":"product_brand","embeddable":true,"href":"https:\/\/teddybear.rs\/hu\/wp-json\/wp\/v2\/product_brand?post=2400"},{"taxonomy":"product_cat","embeddable":true,"href":"https:\/\/teddybear.rs\/hu\/wp-json\/wp\/v2\/product_cat?post=2400"},{"taxonomy":"product_tag","embeddable":true,"href":"https:\/\/teddybear.rs\/hu\/wp-json\/wp\/v2\/product_tag?post=2400"}],"curies":[{"name":"wp","href":"https:\/\/api.w.org\/{rel}","templated":true}]}}