{"id":2396,"date":"2017-11-30T11:06:18","date_gmt":"2017-11-30T11:06:18","guid":{"rendered":"http:\/\/teddybear.rs\/shop\/nem-kategorizalt\/ferrero-box\/"},"modified":"2019-05-22T08:24:32","modified_gmt":"2019-05-22T08:24:32","slug":"ferrero-box","status":"publish","type":"product","link":"https:\/\/teddybear.rs\/hu\/shop\/edesseg-dobozok-hu\/ferrero-box\/","title":{"rendered":"Teddy Bear\u00ae Ferrero Box"},"content":{"rendered":"<p>A Teddy Bear\u00ae Ferrero doboz Ferrero term\u00e9keket \u00e9s dekorat\u00edv anyagokat tartalmaz.<\/p>\n<p>&nbsp;<\/p>\n","protected":false},"excerpt":{"rendered":"<p>A Teddy Bear\u00ae Ferrero doboz Ferrero term\u00e9keket \u00e9s dekorat\u00edv anyagokat tartalmaz. &nbsp;<\/p>\n","protected":false},"featured_media":2397,"template":"","meta":[],"product_brand":[],"product_cat":[197],"product_tag":[378,322],"class_list":{"0":"post-2396","1":"product","2":"type-product","3":"status-publish","4":"has-post-thumbnail","6":"product_cat-edesseg-dobozok-hu","7":"product_tag-ferrero-box-hu","8":"product_tag-sweet-box-hu","10":"first","11":"instock","12":"shipping-taxable","13":"purchasable","14":"product-type-simple"},"_links":{"self":[{"href":"https:\/\/teddybear.rs\/hu\/wp-json\/wp\/v2\/product\/2396","targetHints":{"allow":["GET"]}}],"collection":[{"href":"https:\/\/teddybear.rs\/hu\/wp-json\/wp\/v2\/product"}],"about":[{"href":"https:\/\/teddybear.rs\/hu\/wp-json\/wp\/v2\/types\/product"}],"wp:featuredmedia":[{"embeddable":true,"href":"https:\/\/teddybear.rs\/hu\/wp-json\/wp\/v2\/media\/2397"}],"wp:attachment":[{"href":"https:\/\/teddybear.rs\/hu\/wp-json\/wp\/v2\/media?parent=2396"}],"wp:term":[{"taxonomy":"product_brand","embeddable":true,"href":"https:\/\/teddybear.rs\/hu\/wp-json\/wp\/v2\/product_brand?post=2396"},{"taxonomy":"product_cat","embeddable":true,"href":"https:\/\/teddybear.rs\/hu\/wp-json\/wp\/v2\/product_cat?post=2396"},{"taxonomy":"product_tag","embeddable":true,"href":"https:\/\/teddybear.rs\/hu\/wp-json\/wp\/v2\/product_tag?post=2396"}],"curies":[{"name":"wp","href":"https:\/\/api.w.org\/{rel}","templated":true}]}}