{"id":2395,"date":"2017-12-08T08:57:42","date_gmt":"2017-12-08T08:57:42","guid":{"rendered":"http:\/\/teddybear.rs\/shop\/nem-kategorizalt\/ferrero-gold-box\/"},"modified":"2019-05-22T08:22:05","modified_gmt":"2019-05-22T08:22:05","slug":"ferrero-gold-box","status":"publish","type":"product","link":"https:\/\/teddybear.rs\/hu\/shop\/edesseg-dobozok-hu\/ferrero-gold-box\/","title":{"rendered":"Teddy Bear \u00ae Ferrero GOLD box"},"content":{"rendered":"<p>A Teddy Bear\u00ae Ferrero GOLD doboz Ferrero term\u00e9keket, d\u00edsz\u00edt\u0151anyagot tartalmaz\u00f3 f\u00e9m aranydobozt tartalmaz.<\/p>\n","protected":false},"excerpt":{"rendered":"<p>A Teddy Bear\u00ae Ferrero GOLD doboz Ferrero term\u00e9keket, d\u00edsz\u00edt\u0151anyagot tartalmaz\u00f3 f\u00e9m aranydobozt tartalmaz.<\/p>\n","protected":false},"featured_media":2001,"template":"","meta":[],"product_brand":[],"product_cat":[197,20],"product_tag":[71,324,77,377,76,376],"class_list":{"0":"post-2395","1":"product","2":"type-product","3":"status-publish","4":"has-post-thumbnail","6":"product_cat-edesseg-dobozok-hu","7":"product_cat-sweet-boxes","8":"product_tag-ferrero","9":"product_tag-ferrero-hu","10":"product_tag-gold","11":"product_tag-gold-hu","12":"product_tag-sweebox","13":"product_tag-sweebox-hu","15":"first","16":"instock","17":"shipping-taxable","18":"purchasable","19":"product-type-simple"},"_links":{"self":[{"href":"https:\/\/teddybear.rs\/hu\/wp-json\/wp\/v2\/product\/2395","targetHints":{"allow":["GET"]}}],"collection":[{"href":"https:\/\/teddybear.rs\/hu\/wp-json\/wp\/v2\/product"}],"about":[{"href":"https:\/\/teddybear.rs\/hu\/wp-json\/wp\/v2\/types\/product"}],"wp:featuredmedia":[{"embeddable":true,"href":"https:\/\/teddybear.rs\/hu\/wp-json\/wp\/v2\/media\/2001"}],"wp:attachment":[{"href":"https:\/\/teddybear.rs\/hu\/wp-json\/wp\/v2\/media?parent=2395"}],"wp:term":[{"taxonomy":"product_brand","embeddable":true,"href":"https:\/\/teddybear.rs\/hu\/wp-json\/wp\/v2\/product_brand?post=2395"},{"taxonomy":"product_cat","embeddable":true,"href":"https:\/\/teddybear.rs\/hu\/wp-json\/wp\/v2\/product_cat?post=2395"},{"taxonomy":"product_tag","embeddable":true,"href":"https:\/\/teddybear.rs\/hu\/wp-json\/wp\/v2\/product_tag?post=2395"}],"curies":[{"name":"wp","href":"https:\/\/api.w.org\/{rel}","templated":true}]}}