{"id":2390,"date":"2017-08-05T09:42:51","date_gmt":"2017-08-05T09:42:51","guid":{"rendered":"http:\/\/teddybear.rs\/shop\/nem-kategorizalt\/giant-kinder-box\/"},"modified":"2019-05-22T08:19:51","modified_gmt":"2019-05-22T08:19:51","slug":"giant-kinder-box","status":"publish","type":"product","link":"https:\/\/teddybear.rs\/hu\/shop\/edesseg-dobozok-hu\/giant-kinder-box\/","title":{"rendered":"Teddy Bear\u00ae Giant Kinder box"},"content":{"rendered":"<p>Teddy Bear\u00ae Giant Kinder doboz 60 kinder toj\u00e1st, b\u0151rdobozot \u00e9s dekorat\u00edv anyagot tartalmaz.<\/p>\n","protected":false},"excerpt":{"rendered":"<p>Teddy Bear\u00ae Giant Kinder doboz 60 kinder toj\u00e1st, b\u0151rdobozot \u00e9s dekorat\u00edv anyagot tartalmaz.<\/p>\n","protected":false},"featured_media":2391,"template":"","meta":[],"product_brand":[],"product_cat":[197],"product_tag":[321,332],"class_list":{"0":"post-2390","1":"product","2":"type-product","3":"status-publish","4":"has-post-thumbnail","6":"product_cat-edesseg-dobozok-hu","7":"product_tag-kinder-box-hu","8":"product_tag-sweetbox-hu","10":"first","11":"instock","12":"shipping-taxable","13":"purchasable","14":"product-type-simple"},"_links":{"self":[{"href":"https:\/\/teddybear.rs\/hu\/wp-json\/wp\/v2\/product\/2390","targetHints":{"allow":["GET"]}}],"collection":[{"href":"https:\/\/teddybear.rs\/hu\/wp-json\/wp\/v2\/product"}],"about":[{"href":"https:\/\/teddybear.rs\/hu\/wp-json\/wp\/v2\/types\/product"}],"wp:featuredmedia":[{"embeddable":true,"href":"https:\/\/teddybear.rs\/hu\/wp-json\/wp\/v2\/media\/2391"}],"wp:attachment":[{"href":"https:\/\/teddybear.rs\/hu\/wp-json\/wp\/v2\/media?parent=2390"}],"wp:term":[{"taxonomy":"product_brand","embeddable":true,"href":"https:\/\/teddybear.rs\/hu\/wp-json\/wp\/v2\/product_brand?post=2390"},{"taxonomy":"product_cat","embeddable":true,"href":"https:\/\/teddybear.rs\/hu\/wp-json\/wp\/v2\/product_cat?post=2390"},{"taxonomy":"product_tag","embeddable":true,"href":"https:\/\/teddybear.rs\/hu\/wp-json\/wp\/v2\/product_tag?post=2390"}],"curies":[{"name":"wp","href":"https:\/\/api.w.org\/{rel}","templated":true}]}}