{"id":2383,"date":"2017-08-05T22:47:12","date_gmt":"2017-08-05T22:47:12","guid":{"rendered":"http:\/\/teddybear.rs\/shop\/nem-kategorizalt\/haribo-box\/"},"modified":"2019-05-22T08:15:13","modified_gmt":"2019-05-22T08:15:13","slug":"haribo-box","status":"publish","type":"product","link":"https:\/\/teddybear.rs\/hu\/shop\/edesseg-dobozok-hu\/haribo-box\/","title":{"rendered":"Teddy Bear\u00ae Haribo box veliki"},"content":{"rendered":"<p>A Teddy Bear\u00ae Haribo doboz nagy Haribo gumi cukork\u00e1t \u00e9s Haribo j\u00e1t\u00e9kot tartalmaz.<\/p>\n","protected":false},"excerpt":{"rendered":"<p>A Teddy Bear\u00ae Haribo doboz nagy Haribo gumi cukork\u00e1t \u00e9s Haribo j\u00e1t\u00e9kot tartalmaz.<\/p>\n","protected":false},"featured_media":2061,"template":"","meta":[],"product_brand":[],"product_cat":[197,20],"product_tag":[27,368,28,369,22,322],"class_list":{"0":"post-2383","1":"product","2":"type-product","3":"status-publish","4":"has-post-thumbnail","6":"product_cat-edesseg-dobozok-hu","7":"product_cat-sweet-boxes","8":"product_tag-haribo","9":"product_tag-haribo-hu","10":"product_tag-haribo-box","11":"product_tag-haribo-box-hu","12":"product_tag-sweet-box","13":"product_tag-sweet-box-hu","15":"first","16":"instock","17":"shipping-taxable","18":"purchasable","19":"product-type-simple"},"_links":{"self":[{"href":"https:\/\/teddybear.rs\/hu\/wp-json\/wp\/v2\/product\/2383","targetHints":{"allow":["GET"]}}],"collection":[{"href":"https:\/\/teddybear.rs\/hu\/wp-json\/wp\/v2\/product"}],"about":[{"href":"https:\/\/teddybear.rs\/hu\/wp-json\/wp\/v2\/types\/product"}],"wp:featuredmedia":[{"embeddable":true,"href":"https:\/\/teddybear.rs\/hu\/wp-json\/wp\/v2\/media\/2061"}],"wp:attachment":[{"href":"https:\/\/teddybear.rs\/hu\/wp-json\/wp\/v2\/media?parent=2383"}],"wp:term":[{"taxonomy":"product_brand","embeddable":true,"href":"https:\/\/teddybear.rs\/hu\/wp-json\/wp\/v2\/product_brand?post=2383"},{"taxonomy":"product_cat","embeddable":true,"href":"https:\/\/teddybear.rs\/hu\/wp-json\/wp\/v2\/product_cat?post=2383"},{"taxonomy":"product_tag","embeddable":true,"href":"https:\/\/teddybear.rs\/hu\/wp-json\/wp\/v2\/product_tag?post=2383"}],"curies":[{"name":"wp","href":"https:\/\/api.w.org\/{rel}","templated":true}]}}