{"id":2382,"date":"2017-11-14T11:59:27","date_gmt":"2017-11-14T11:59:27","guid":{"rendered":"http:\/\/teddybear.rs\/shop\/nem-kategorizalt\/small-kinder-box\/"},"modified":"2019-05-22T08:11:37","modified_gmt":"2019-05-22T08:11:37","slug":"small-kinder-box","status":"publish","type":"product","link":"https:\/\/teddybear.rs\/hu\/shop\/edesseg-dobozok-hu\/small-kinder-box\/","title":{"rendered":"Teddy Bear\u00ae Kinder Box"},"content":{"rendered":"<p>A Teddy Bear\u00ae Kinder doboz 13 kinder toj\u00e1st tartalmaz, egy nagy csomag csokol\u00e1d\u00e9t, a Kinder Bueno-t \u00e9s a dekorat\u00edv anyagot.<\/p>\n","protected":false},"excerpt":{"rendered":"<p>A Teddy Bear\u00ae Kinder doboz 13 kinder toj\u00e1st tartalmaz, egy nagy csomag csokol\u00e1d\u00e9t, a Kinder Bueno-t \u00e9s a dekorat\u00edv anyagot.<\/p>\n","protected":false},"featured_media":2058,"template":"","meta":[],"product_brand":[],"product_cat":[197],"product_tag":[321,322],"class_list":{"0":"post-2382","1":"product","2":"type-product","3":"status-publish","4":"has-post-thumbnail","6":"product_cat-edesseg-dobozok-hu","7":"product_tag-kinder-box-hu","8":"product_tag-sweet-box-hu","10":"first","11":"instock","12":"shipping-taxable","13":"purchasable","14":"product-type-simple"},"_links":{"self":[{"href":"https:\/\/teddybear.rs\/hu\/wp-json\/wp\/v2\/product\/2382","targetHints":{"allow":["GET"]}}],"collection":[{"href":"https:\/\/teddybear.rs\/hu\/wp-json\/wp\/v2\/product"}],"about":[{"href":"https:\/\/teddybear.rs\/hu\/wp-json\/wp\/v2\/types\/product"}],"wp:featuredmedia":[{"embeddable":true,"href":"https:\/\/teddybear.rs\/hu\/wp-json\/wp\/v2\/media\/2058"}],"wp:attachment":[{"href":"https:\/\/teddybear.rs\/hu\/wp-json\/wp\/v2\/media?parent=2382"}],"wp:term":[{"taxonomy":"product_brand","embeddable":true,"href":"https:\/\/teddybear.rs\/hu\/wp-json\/wp\/v2\/product_brand?post=2382"},{"taxonomy":"product_cat","embeddable":true,"href":"https:\/\/teddybear.rs\/hu\/wp-json\/wp\/v2\/product_cat?post=2382"},{"taxonomy":"product_tag","embeddable":true,"href":"https:\/\/teddybear.rs\/hu\/wp-json\/wp\/v2\/product_tag?post=2382"}],"curies":[{"name":"wp","href":"https:\/\/api.w.org\/{rel}","templated":true}]}}