{"id":2375,"date":"2017-11-30T11:48:55","date_gmt":"2017-11-30T11:48:55","guid":{"rendered":"http:\/\/teddybear.rs\/shop\/nem-kategorizalt\/veliki-kinder-box\/"},"modified":"2019-05-17T12:32:59","modified_gmt":"2019-05-17T12:32:59","slug":"veliki-kinder-box","status":"publish","type":"product","link":"https:\/\/teddybear.rs\/hu\/shop\/edesseg-dobozok-hu\/veliki-kinder-box\/","title":{"rendered":"Teddy Bear\u00ae Kinder Box veliki"},"content":{"rendered":"<p>A Teddy Bear\u00ae Kinder dobozban mindenf\u00e9le Kinder term\u00e9k \u00e9s dekorat\u00edv anyag tal\u00e1lhat\u00f3.<\/p>\n","protected":false},"excerpt":{"rendered":"<p><strong>Teddy Bear\u00ae Kinder box<\/strong> veliki sadr\u017ei sve vrste Kinder proizvoda i dekorativni materijal.<\/p>\n<p>&nbsp;<\/p>\n","protected":false},"featured_media":2376,"template":"","meta":[],"product_brand":[],"product_cat":[197,20],"product_tag":[21,321,22,322],"class_list":{"0":"post-2375","1":"product","2":"type-product","3":"status-publish","4":"has-post-thumbnail","6":"product_cat-edesseg-dobozok-hu","7":"product_cat-sweet-boxes","8":"product_tag-kinder-box","9":"product_tag-kinder-box-hu","10":"product_tag-sweet-box","11":"product_tag-sweet-box-hu","13":"first","14":"instock","15":"shipping-taxable","16":"purchasable","17":"product-type-simple"},"_links":{"self":[{"href":"https:\/\/teddybear.rs\/hu\/wp-json\/wp\/v2\/product\/2375","targetHints":{"allow":["GET"]}}],"collection":[{"href":"https:\/\/teddybear.rs\/hu\/wp-json\/wp\/v2\/product"}],"about":[{"href":"https:\/\/teddybear.rs\/hu\/wp-json\/wp\/v2\/types\/product"}],"wp:featuredmedia":[{"embeddable":true,"href":"https:\/\/teddybear.rs\/hu\/wp-json\/wp\/v2\/media\/2376"}],"wp:attachment":[{"href":"https:\/\/teddybear.rs\/hu\/wp-json\/wp\/v2\/media?parent=2375"}],"wp:term":[{"taxonomy":"product_brand","embeddable":true,"href":"https:\/\/teddybear.rs\/hu\/wp-json\/wp\/v2\/product_brand?post=2375"},{"taxonomy":"product_cat","embeddable":true,"href":"https:\/\/teddybear.rs\/hu\/wp-json\/wp\/v2\/product_cat?post=2375"},{"taxonomy":"product_tag","embeddable":true,"href":"https:\/\/teddybear.rs\/hu\/wp-json\/wp\/v2\/product_tag?post=2375"}],"curies":[{"name":"wp","href":"https:\/\/api.w.org\/{rel}","templated":true}]}}