{"id":2373,"date":"2017-12-08T09:55:18","date_gmt":"2017-12-08T09:55:18","guid":{"rendered":"http:\/\/teddybear.rs\/shop\/nem-kategorizalt\/kinder-heart-box\/"},"modified":"2019-05-17T12:29:41","modified_gmt":"2019-05-17T12:29:41","slug":"kinder-heart-box","status":"publish","type":"product","link":"https:\/\/teddybear.rs\/hu\/shop\/edesseg-dobozok-hu\/kinder-heart-box\/","title":{"rendered":"Teddy Bear \u00ae Blue Kinder Heart box"},"content":{"rendered":"<blockquote><p>A Teddy Bear\u00ae Blue Kinder Heart Box a legszebb, sz\u00edv alak\u00fa dobozban, dekorat\u00edv anyaggal t\u00f6lt\u00f6tt csokol\u00e1d\u00e9it tartalmazza.<\/p><\/blockquote>\n","protected":false},"excerpt":{"rendered":"<p>A Teddy Bear\u00ae Blue Kinder Heart Box a legszebb, sz\u00edv alak\u00fa dobozban, dekorat\u00edv anyaggal t\u00f6lt\u00f6tt csokol\u00e1d\u00e9it tartalmazza.<\/p>\n","protected":false},"featured_media":2118,"template":"","meta":[],"product_brand":[],"product_cat":[197,20],"product_tag":[99,366,100,367,73,332],"class_list":{"0":"post-2373","1":"product","2":"type-product","3":"status-publish","4":"has-post-thumbnail","6":"product_cat-edesseg-dobozok-hu","7":"product_cat-sweet-boxes","8":"product_tag-heart-kinder","9":"product_tag-heart-kinder-hu","10":"product_tag-kinder-jaje","11":"product_tag-kinder-jaje-hu","12":"product_tag-sweetbox","13":"product_tag-sweetbox-hu","15":"first","16":"instock","17":"shipping-taxable","18":"purchasable","19":"product-type-simple"},"_links":{"self":[{"href":"https:\/\/teddybear.rs\/hu\/wp-json\/wp\/v2\/product\/2373","targetHints":{"allow":["GET"]}}],"collection":[{"href":"https:\/\/teddybear.rs\/hu\/wp-json\/wp\/v2\/product"}],"about":[{"href":"https:\/\/teddybear.rs\/hu\/wp-json\/wp\/v2\/types\/product"}],"wp:featuredmedia":[{"embeddable":true,"href":"https:\/\/teddybear.rs\/hu\/wp-json\/wp\/v2\/media\/2118"}],"wp:attachment":[{"href":"https:\/\/teddybear.rs\/hu\/wp-json\/wp\/v2\/media?parent=2373"}],"wp:term":[{"taxonomy":"product_brand","embeddable":true,"href":"https:\/\/teddybear.rs\/hu\/wp-json\/wp\/v2\/product_brand?post=2373"},{"taxonomy":"product_cat","embeddable":true,"href":"https:\/\/teddybear.rs\/hu\/wp-json\/wp\/v2\/product_cat?post=2373"},{"taxonomy":"product_tag","embeddable":true,"href":"https:\/\/teddybear.rs\/hu\/wp-json\/wp\/v2\/product_tag?post=2373"}],"curies":[{"name":"wp","href":"https:\/\/api.w.org\/{rel}","templated":true}]}}