{"id":2370,"date":"2017-12-08T09:58:04","date_gmt":"2017-12-08T09:58:04","guid":{"rendered":"http:\/\/teddybear.rs\/shop\/nem-kategorizalt\/kinder-heart-box-veliki\/"},"modified":"2019-05-17T12:26:47","modified_gmt":"2019-05-17T12:26:47","slug":"kinder-heart-box-veliki","status":"publish","type":"product","link":"https:\/\/teddybear.rs\/hu\/shop\/edesseg-dobozok-hu\/kinder-heart-box-veliki\/","title":{"rendered":"Teddy Bear \u00ae Kinder Heart box"},"content":{"rendered":"<p>A Teddy Bear\u00ae Kinder Heart nagy doboz Kinder toj\u00e1st, Kinder csokol\u00e1d\u00e9t, Kinder Bueno-t \u00e9s dekorat\u00edv anyagot tartalmaz.<\/p>\n","protected":false},"excerpt":{"rendered":"<p><strong>Teddy Bear \u00ae Kinder Heart<\/strong> veliki box sadr\u017ei Kinder jaja, Kinder \u010dokolade, Kinder Bueno i ukrasni materijal.<\/p>\n","protected":false},"featured_media":2115,"template":"","meta":[],"product_brand":[],"product_cat":[197],"product_tag":[333,362,332],"class_list":{"0":"post-2370","1":"product","2":"type-product","3":"status-publish","4":"has-post-thumbnail","6":"product_cat-edesseg-dobozok-hu","7":"product_tag-heartbox-hu","8":"product_tag-kinder-hu","9":"product_tag-sweetbox-hu","11":"first","12":"instock","13":"shipping-taxable","14":"purchasable","15":"product-type-simple"},"_links":{"self":[{"href":"https:\/\/teddybear.rs\/hu\/wp-json\/wp\/v2\/product\/2370","targetHints":{"allow":["GET"]}}],"collection":[{"href":"https:\/\/teddybear.rs\/hu\/wp-json\/wp\/v2\/product"}],"about":[{"href":"https:\/\/teddybear.rs\/hu\/wp-json\/wp\/v2\/types\/product"}],"wp:featuredmedia":[{"embeddable":true,"href":"https:\/\/teddybear.rs\/hu\/wp-json\/wp\/v2\/media\/2115"}],"wp:attachment":[{"href":"https:\/\/teddybear.rs\/hu\/wp-json\/wp\/v2\/media?parent=2370"}],"wp:term":[{"taxonomy":"product_brand","embeddable":true,"href":"https:\/\/teddybear.rs\/hu\/wp-json\/wp\/v2\/product_brand?post=2370"},{"taxonomy":"product_cat","embeddable":true,"href":"https:\/\/teddybear.rs\/hu\/wp-json\/wp\/v2\/product_cat?post=2370"},{"taxonomy":"product_tag","embeddable":true,"href":"https:\/\/teddybear.rs\/hu\/wp-json\/wp\/v2\/product_tag?post=2370"}],"curies":[{"name":"wp","href":"https:\/\/api.w.org\/{rel}","templated":true}]}}