{"id":2364,"date":"2017-11-14T11:55:07","date_gmt":"2017-11-14T11:55:07","guid":{"rendered":"http:\/\/teddybear.rs\/shop\/nem-kategorizalt\/m-m-sweet-box\/"},"modified":"2019-05-17T12:20:25","modified_gmt":"2019-05-17T12:20:25","slug":"m-m-sweet-box","status":"publish","type":"product","link":"https:\/\/teddybear.rs\/hu\/shop\/edesseg-dobozok-hu\/m-m-sweet-box\/","title":{"rendered":"Teddy Bear\u00ae M&#038;M Sweet Box"},"content":{"rendered":"<p>A Teddy Bear\u00ae M &amp; M Sweet Box a csokol\u00e1d\u00e9, a pl\u00fcss j\u00e1t\u00e9k \u00e9s a dekorat\u00edv anyagok \u00e9desebb term\u00e9keit tartalmazza.<\/p>\n<p>&nbsp;<\/p>\n<p>&nbsp;<\/p>\n","protected":false},"excerpt":{"rendered":"<p><strong>Teddy Bear\u00ae M&amp;M Sweet Box<\/strong> sadr\u017ei najsla\u0111e proizvode od \u010dokolade, pli\u0161anu igra\u010dku i ukrasni materijal.<\/p>\n","protected":false},"featured_media":2365,"template":"","meta":[],"product_brand":[],"product_cat":[197],"product_tag":[322],"class_list":{"0":"post-2364","1":"product","2":"type-product","3":"status-publish","4":"has-post-thumbnail","6":"product_cat-edesseg-dobozok-hu","7":"product_tag-sweet-box-hu","9":"first","10":"instock","11":"shipping-taxable","12":"purchasable","13":"product-type-simple"},"_links":{"self":[{"href":"https:\/\/teddybear.rs\/hu\/wp-json\/wp\/v2\/product\/2364","targetHints":{"allow":["GET"]}}],"collection":[{"href":"https:\/\/teddybear.rs\/hu\/wp-json\/wp\/v2\/product"}],"about":[{"href":"https:\/\/teddybear.rs\/hu\/wp-json\/wp\/v2\/types\/product"}],"wp:featuredmedia":[{"embeddable":true,"href":"https:\/\/teddybear.rs\/hu\/wp-json\/wp\/v2\/media\/2365"}],"wp:attachment":[{"href":"https:\/\/teddybear.rs\/hu\/wp-json\/wp\/v2\/media?parent=2364"}],"wp:term":[{"taxonomy":"product_brand","embeddable":true,"href":"https:\/\/teddybear.rs\/hu\/wp-json\/wp\/v2\/product_brand?post=2364"},{"taxonomy":"product_cat","embeddable":true,"href":"https:\/\/teddybear.rs\/hu\/wp-json\/wp\/v2\/product_cat?post=2364"},{"taxonomy":"product_tag","embeddable":true,"href":"https:\/\/teddybear.rs\/hu\/wp-json\/wp\/v2\/product_tag?post=2364"}],"curies":[{"name":"wp","href":"https:\/\/api.w.org\/{rel}","templated":true}]}}