{"id":2360,"date":"2017-12-08T08:03:33","date_gmt":"2017-12-08T08:03:33","guid":{"rendered":"http:\/\/teddybear.rs\/shop\/nem-kategorizalt\/milka-box-silver\/"},"modified":"2019-05-17T12:12:21","modified_gmt":"2019-05-17T12:12:21","slug":"milka-box-silver","status":"publish","type":"product","link":"https:\/\/teddybear.rs\/hu\/shop\/edesseg-dobozok-hu\/milka-box-silver\/","title":{"rendered":"Teddy Bear\u00ae Milka SILVER box"},"content":{"rendered":"<p>A Teddy Bear\u00ae Milka SILVER nagy doboz a legszebb \u00e9s legv\u00e1ltozatosabb Milka term\u00e9keket, ez\u00fcstdobozokat \u00e9s dekorat\u00edv anyagokat tartalmazza.<\/p>\n","protected":false},"excerpt":{"rendered":"<p><strong>Teddy Bear\u00ae Milka SILVER<\/strong> veliki box sadr\u017ei najsla\u0111e i najrazli\u010ditije Milka proizvode, srebrnu kutiju I dekorativni materijal.<\/p>\n","protected":false},"featured_media":2022,"template":"","meta":[],"product_brand":[],"product_cat":[197,20],"product_tag":[24,348,62,353,22,322],"class_list":{"0":"post-2360","1":"product","2":"type-product","3":"status-publish","4":"has-post-thumbnail","6":"product_cat-edesseg-dobozok-hu","7":"product_cat-sweet-boxes","8":"product_tag-milka","9":"product_tag-milka-hu","10":"product_tag-silver","11":"product_tag-silver-hu","12":"product_tag-sweet-box","13":"product_tag-sweet-box-hu","15":"first","16":"instock","17":"shipping-taxable","18":"purchasable","19":"product-type-simple"},"_links":{"self":[{"href":"https:\/\/teddybear.rs\/hu\/wp-json\/wp\/v2\/product\/2360","targetHints":{"allow":["GET"]}}],"collection":[{"href":"https:\/\/teddybear.rs\/hu\/wp-json\/wp\/v2\/product"}],"about":[{"href":"https:\/\/teddybear.rs\/hu\/wp-json\/wp\/v2\/types\/product"}],"wp:featuredmedia":[{"embeddable":true,"href":"https:\/\/teddybear.rs\/hu\/wp-json\/wp\/v2\/media\/2022"}],"wp:attachment":[{"href":"https:\/\/teddybear.rs\/hu\/wp-json\/wp\/v2\/media?parent=2360"}],"wp:term":[{"taxonomy":"product_brand","embeddable":true,"href":"https:\/\/teddybear.rs\/hu\/wp-json\/wp\/v2\/product_brand?post=2360"},{"taxonomy":"product_cat","embeddable":true,"href":"https:\/\/teddybear.rs\/hu\/wp-json\/wp\/v2\/product_cat?post=2360"},{"taxonomy":"product_tag","embeddable":true,"href":"https:\/\/teddybear.rs\/hu\/wp-json\/wp\/v2\/product_tag?post=2360"}],"curies":[{"name":"wp","href":"https:\/\/api.w.org\/{rel}","templated":true}]}}