{"id":2353,"date":"2017-11-30T11:56:34","date_gmt":"2017-11-30T11:56:34","guid":{"rendered":"http:\/\/teddybear.rs\/shop\/nem-kategorizalt\/veliki-milka-box\/"},"modified":"2019-05-17T12:07:33","modified_gmt":"2019-05-17T12:07:33","slug":"veliki-milka-box","status":"publish","type":"product","link":"https:\/\/teddybear.rs\/hu\/shop\/edesseg-dobozok-hu\/veliki-milka-box\/","title":{"rendered":"Teddy Bear\u00ae Milka box veliki sa Moetom"},"content":{"rendered":"<p>A Teddy Bear\u00ae Milka doboz nagy Moet-t tartalmaz, k\u00fcl\u00f6nb\u00f6z\u0151 Milka term\u00e9keket, Moet pezsg\u0151t \u00e9s dekorat\u00edv anyagokat tartalmaz.<\/p>\n<p>Megjegyz\u00e9s:<\/p>\n<p>A bemutatott mez\u0151vel nem kaphat\u00f3 mack\u00f3.<\/p>\n","protected":false},"excerpt":{"rendered":"<p><strong>Teddy Bear\u00ae Milka box veliki sa Moetom<\/strong> sadr\u017ei raznolike Milka proizvode, Moet \u0161ampanjac i dekorativni materijal.<\/p>\n<p><strong>Napomena:<\/strong><\/p>\n<p>Uz prikazani box se ne dobija pli\u0161ani medvedi\u0107.<\/p>\n","protected":false},"featured_media":2354,"template":"","meta":[],"product_brand":[],"product_cat":[197],"product_tag":[348,349,322],"class_list":{"0":"post-2353","1":"product","2":"type-product","3":"status-publish","4":"has-post-thumbnail","6":"product_cat-edesseg-dobozok-hu","7":"product_tag-milka-hu","8":"product_tag-moet-rose-hu","9":"product_tag-sweet-box-hu","11":"first","12":"instock","13":"shipping-taxable","14":"purchasable","15":"product-type-simple"},"_links":{"self":[{"href":"https:\/\/teddybear.rs\/hu\/wp-json\/wp\/v2\/product\/2353","targetHints":{"allow":["GET"]}}],"collection":[{"href":"https:\/\/teddybear.rs\/hu\/wp-json\/wp\/v2\/product"}],"about":[{"href":"https:\/\/teddybear.rs\/hu\/wp-json\/wp\/v2\/types\/product"}],"wp:featuredmedia":[{"embeddable":true,"href":"https:\/\/teddybear.rs\/hu\/wp-json\/wp\/v2\/media\/2354"}],"wp:attachment":[{"href":"https:\/\/teddybear.rs\/hu\/wp-json\/wp\/v2\/media?parent=2353"}],"wp:term":[{"taxonomy":"product_brand","embeddable":true,"href":"https:\/\/teddybear.rs\/hu\/wp-json\/wp\/v2\/product_brand?post=2353"},{"taxonomy":"product_cat","embeddable":true,"href":"https:\/\/teddybear.rs\/hu\/wp-json\/wp\/v2\/product_cat?post=2353"},{"taxonomy":"product_tag","embeddable":true,"href":"https:\/\/teddybear.rs\/hu\/wp-json\/wp\/v2\/product_tag?post=2353"}],"curies":[{"name":"wp","href":"https:\/\/api.w.org\/{rel}","templated":true}]}}