{"id":2352,"date":"2017-12-08T09:05:07","date_gmt":"2017-12-08T09:05:07","guid":{"rendered":"http:\/\/teddybear.rs\/shop\/nem-kategorizalt\/milky-way-box\/"},"modified":"2019-05-17T11:59:23","modified_gmt":"2019-05-17T11:59:23","slug":"milky-way-box","status":"publish","type":"product","link":"https:\/\/teddybear.rs\/hu\/shop\/edesseg-dobozok-hu\/milky-way-box\/","title":{"rendered":"Teddy Bear \u00ae Milky Way box"},"content":{"rendered":"<p>Teddy Bear\u00ae MilkyWay doboz Tej\u00fat csokol\u00e1d\u00e9t, Smarties \u00e9dess\u00e9get, Nestle Crunch csokol\u00e1d\u00e9t \u00e9s dekorat\u00edv anyagot tartalmaz.<\/p>\n","protected":false},"excerpt":{"rendered":"<p><strong>Teddy Bear \u00ae MilkyWay box<\/strong> sadr\u017ei Milky Way \u010dokoladice, Smarties bombonice, Nestle Crunch \u010dokolade i dekorativni materijal.<\/p>\n","protected":false},"featured_media":2013,"template":"","meta":[],"product_brand":[],"product_cat":[197],"product_tag":[341,347],"class_list":{"0":"post-2352","1":"product","2":"type-product","3":"status-publish","4":"has-post-thumbnail","6":"product_cat-edesseg-dobozok-hu","7":"product_tag-box-hu","8":"product_tag-milky-way-hu","10":"first","11":"instock","12":"shipping-taxable","13":"purchasable","14":"product-type-simple"},"_links":{"self":[{"href":"https:\/\/teddybear.rs\/hu\/wp-json\/wp\/v2\/product\/2352","targetHints":{"allow":["GET"]}}],"collection":[{"href":"https:\/\/teddybear.rs\/hu\/wp-json\/wp\/v2\/product"}],"about":[{"href":"https:\/\/teddybear.rs\/hu\/wp-json\/wp\/v2\/types\/product"}],"wp:featuredmedia":[{"embeddable":true,"href":"https:\/\/teddybear.rs\/hu\/wp-json\/wp\/v2\/media\/2013"}],"wp:attachment":[{"href":"https:\/\/teddybear.rs\/hu\/wp-json\/wp\/v2\/media?parent=2352"}],"wp:term":[{"taxonomy":"product_brand","embeddable":true,"href":"https:\/\/teddybear.rs\/hu\/wp-json\/wp\/v2\/product_brand?post=2352"},{"taxonomy":"product_cat","embeddable":true,"href":"https:\/\/teddybear.rs\/hu\/wp-json\/wp\/v2\/product_cat?post=2352"},{"taxonomy":"product_tag","embeddable":true,"href":"https:\/\/teddybear.rs\/hu\/wp-json\/wp\/v2\/product_tag?post=2352"}],"curies":[{"name":"wp","href":"https:\/\/api.w.org\/{rel}","templated":true}]}}