{"id":2347,"date":"2017-12-08T09:46:23","date_gmt":"2017-12-08T09:46:23","guid":{"rendered":"http:\/\/teddybear.rs\/shop\/nem-kategorizalt\/mnm-box\/"},"modified":"2019-05-17T11:56:59","modified_gmt":"2019-05-17T11:56:59","slug":"mnm-box","status":"publish","type":"product","link":"https:\/\/teddybear.rs\/hu\/shop\/edesseg-dobozok-hu\/mnm-box\/","title":{"rendered":"Teddy Bear \u00ae M&#038;M box"},"content":{"rendered":"<p>A Teddy Bear\u00ae M &amp; M doboz\u00e1ban megtal\u00e1lhat\u00f3k az \u00e9desebb M &amp; M csokol\u00e1d\u00e9k, sz\u00edv alak\u00fa sz\u00edvdoboz \u00e9s dekorat\u00edv anyag.<\/p>\n","protected":false},"excerpt":{"rendered":"<p><strong>Teddy Bear \u00ae M&amp;M\u2019s box<\/strong> sadr\u017ei najsla\u0111e M&amp;M\u2019s cokoladice, \u017eutu kutiju u obliku srca i dekorativni materijal.<\/p>\n","protected":false},"featured_media":2348,"template":"","meta":[],"product_brand":[],"product_cat":[197,20],"product_tag":[96,343,95,342,73,332],"class_list":{"0":"post-2347","1":"product","2":"type-product","3":"status-publish","4":"has-post-thumbnail","6":"product_cat-edesseg-dobozok-hu","7":"product_cat-sweet-boxes","8":"product_tag-cokoladice","9":"product_tag-cokoladice-hu","10":"product_tag-mnm-box","11":"product_tag-mnm-box-hu","12":"product_tag-sweetbox","13":"product_tag-sweetbox-hu","15":"first","16":"instock","17":"shipping-taxable","18":"purchasable","19":"product-type-simple"},"_links":{"self":[{"href":"https:\/\/teddybear.rs\/hu\/wp-json\/wp\/v2\/product\/2347","targetHints":{"allow":["GET"]}}],"collection":[{"href":"https:\/\/teddybear.rs\/hu\/wp-json\/wp\/v2\/product"}],"about":[{"href":"https:\/\/teddybear.rs\/hu\/wp-json\/wp\/v2\/types\/product"}],"wp:featuredmedia":[{"embeddable":true,"href":"https:\/\/teddybear.rs\/hu\/wp-json\/wp\/v2\/media\/2348"}],"wp:attachment":[{"href":"https:\/\/teddybear.rs\/hu\/wp-json\/wp\/v2\/media?parent=2347"}],"wp:term":[{"taxonomy":"product_brand","embeddable":true,"href":"https:\/\/teddybear.rs\/hu\/wp-json\/wp\/v2\/product_brand?post=2347"},{"taxonomy":"product_cat","embeddable":true,"href":"https:\/\/teddybear.rs\/hu\/wp-json\/wp\/v2\/product_cat?post=2347"},{"taxonomy":"product_tag","embeddable":true,"href":"https:\/\/teddybear.rs\/hu\/wp-json\/wp\/v2\/product_tag?post=2347"}],"curies":[{"name":"wp","href":"https:\/\/api.w.org\/{rel}","templated":true}]}}