{"id":2343,"date":"2017-12-08T08:11:17","date_gmt":"2017-12-08T08:11:17","guid":{"rendered":"http:\/\/teddybear.rs\/shop\/nem-kategorizalt\/nutella-veliki-box\/"},"modified":"2019-05-17T11:47:11","modified_gmt":"2019-05-17T11:47:11","slug":"nutella-veliki-box","status":"publish","type":"product","link":"https:\/\/teddybear.rs\/hu\/shop\/edesseg-dobozok-hu\/nutella-veliki-box\/","title":{"rendered":"Teddy Bear\u00ae Nutella veliki box"},"content":{"rendered":"<p>A Nutella nagy doboz Nutella B term\u00e9keket, Nutella kr\u00e9meket \u00e9s dekorat\u00edv anyagokat tartalmaz.<\/p>\n","protected":false},"excerpt":{"rendered":"<p>A Nutella nagy doboz Nutella B term\u00e9keket, Nutella kr\u00e9meket \u00e9s dekorat\u00edv anyagokat tartalmaz.<\/p>\n","protected":false},"featured_media":2016,"template":"","meta":[],"product_brand":[],"product_cat":[197,20],"product_tag":[237,394,64,335,63,334],"class_list":{"0":"post-2343","1":"product","2":"type-product","3":"status-publish","4":"has-post-thumbnail","6":"product_cat-edesseg-dobozok-hu","7":"product_cat-sweet-boxes","8":"product_tag-aranzman","9":"product_tag-aranzman-hu","10":"product_tag-krem","11":"product_tag-krem-hu","12":"product_tag-nutella","13":"product_tag-nutella-hu","15":"first","16":"instock","17":"shipping-taxable","18":"purchasable","19":"product-type-simple"},"_links":{"self":[{"href":"https:\/\/teddybear.rs\/hu\/wp-json\/wp\/v2\/product\/2343","targetHints":{"allow":["GET"]}}],"collection":[{"href":"https:\/\/teddybear.rs\/hu\/wp-json\/wp\/v2\/product"}],"about":[{"href":"https:\/\/teddybear.rs\/hu\/wp-json\/wp\/v2\/types\/product"}],"wp:featuredmedia":[{"embeddable":true,"href":"https:\/\/teddybear.rs\/hu\/wp-json\/wp\/v2\/media\/2016"}],"wp:attachment":[{"href":"https:\/\/teddybear.rs\/hu\/wp-json\/wp\/v2\/media?parent=2343"}],"wp:term":[{"taxonomy":"product_brand","embeddable":true,"href":"https:\/\/teddybear.rs\/hu\/wp-json\/wp\/v2\/product_brand?post=2343"},{"taxonomy":"product_cat","embeddable":true,"href":"https:\/\/teddybear.rs\/hu\/wp-json\/wp\/v2\/product_cat?post=2343"},{"taxonomy":"product_tag","embeddable":true,"href":"https:\/\/teddybear.rs\/hu\/wp-json\/wp\/v2\/product_tag?post=2343"}],"curies":[{"name":"wp","href":"https:\/\/api.w.org\/{rel}","templated":true}]}}