{"id":2342,"date":"2017-11-30T11:32:57","date_gmt":"2017-11-30T11:32:57","guid":{"rendered":"http:\/\/teddybear.rs\/shop\/nem-kategorizalt\/small-raffaello-box\/"},"modified":"2019-05-17T11:38:19","modified_gmt":"2019-05-17T11:38:19","slug":"small-raffaello-box","status":"publish","type":"product","link":"https:\/\/teddybear.rs\/hu\/shop\/edesseg-dobozok-hu\/small-raffaello-box\/","title":{"rendered":"Teddy Bear\u00ae Raffaello Box"},"content":{"rendered":"<p>A Teddy Bear\u00ae Raffaello doboz Raffaelo term\u00e9keket \u00e9s dekorat\u00edv anyagokat tartalmaz.<\/p>\n","protected":false},"excerpt":{"rendered":"<p><strong>Teddy Bear\u00ae Raffaello box<\/strong> sadr\u017ei Raffaelo proizode i dekorativni materijal.<\/p>\n","protected":false},"featured_media":2049,"template":"","meta":[],"product_brand":[],"product_cat":[197,20],"product_tag":[22,322],"class_list":{"0":"post-2342","1":"product","2":"type-product","3":"status-publish","4":"has-post-thumbnail","6":"product_cat-edesseg-dobozok-hu","7":"product_cat-sweet-boxes","8":"product_tag-sweet-box","9":"product_tag-sweet-box-hu","11":"first","12":"instock","13":"shipping-taxable","14":"purchasable","15":"product-type-simple"},"_links":{"self":[{"href":"https:\/\/teddybear.rs\/hu\/wp-json\/wp\/v2\/product\/2342","targetHints":{"allow":["GET"]}}],"collection":[{"href":"https:\/\/teddybear.rs\/hu\/wp-json\/wp\/v2\/product"}],"about":[{"href":"https:\/\/teddybear.rs\/hu\/wp-json\/wp\/v2\/types\/product"}],"wp:featuredmedia":[{"embeddable":true,"href":"https:\/\/teddybear.rs\/hu\/wp-json\/wp\/v2\/media\/2049"}],"wp:attachment":[{"href":"https:\/\/teddybear.rs\/hu\/wp-json\/wp\/v2\/media?parent=2342"}],"wp:term":[{"taxonomy":"product_brand","embeddable":true,"href":"https:\/\/teddybear.rs\/hu\/wp-json\/wp\/v2\/product_brand?post=2342"},{"taxonomy":"product_cat","embeddable":true,"href":"https:\/\/teddybear.rs\/hu\/wp-json\/wp\/v2\/product_cat?post=2342"},{"taxonomy":"product_tag","embeddable":true,"href":"https:\/\/teddybear.rs\/hu\/wp-json\/wp\/v2\/product_tag?post=2342"}],"curies":[{"name":"wp","href":"https:\/\/api.w.org\/{rel}","templated":true}]}}