{"id":2339,"date":"2017-11-30T10:59:34","date_gmt":"2017-11-30T10:59:34","guid":{"rendered":"http:\/\/teddybear.rs\/shop\/nem-kategorizalt\/raffaello-box-veliki\/"},"modified":"2019-05-17T11:35:31","modified_gmt":"2019-05-17T11:35:31","slug":"raffaello-box-veliki","status":"publish","type":"product","link":"https:\/\/teddybear.rs\/hu\/shop\/edesseg-dobozok-hu\/raffaello-box-veliki\/","title":{"rendered":"Teddy Bear\u00ae Raffaello Box veliki"},"content":{"rendered":"<p>A Teddy Bear\u00ae Raffaello doboz sok Raffaello term\u00e9ket \u00e9s d\u00edsz\u00edt\u0151anyagot tartalmaz.<\/p>\n","protected":false},"excerpt":{"rendered":"<p><strong>Teddy Bear\u00ae Raffaello box<\/strong> veliki sadrzi Raffaello proizvode i dekorativni materijal.<\/p>\n","protected":false},"featured_media":2052,"template":"","meta":[],"product_brand":[],"product_cat":[197,20],"product_tag":[22,322],"class_list":{"0":"post-2339","1":"product","2":"type-product","3":"status-publish","4":"has-post-thumbnail","6":"product_cat-edesseg-dobozok-hu","7":"product_cat-sweet-boxes","8":"product_tag-sweet-box","9":"product_tag-sweet-box-hu","11":"first","12":"instock","13":"shipping-taxable","14":"purchasable","15":"product-type-simple"},"_links":{"self":[{"href":"https:\/\/teddybear.rs\/hu\/wp-json\/wp\/v2\/product\/2339","targetHints":{"allow":["GET"]}}],"collection":[{"href":"https:\/\/teddybear.rs\/hu\/wp-json\/wp\/v2\/product"}],"about":[{"href":"https:\/\/teddybear.rs\/hu\/wp-json\/wp\/v2\/types\/product"}],"wp:featuredmedia":[{"embeddable":true,"href":"https:\/\/teddybear.rs\/hu\/wp-json\/wp\/v2\/media\/2052"}],"wp:attachment":[{"href":"https:\/\/teddybear.rs\/hu\/wp-json\/wp\/v2\/media?parent=2339"}],"wp:term":[{"taxonomy":"product_brand","embeddable":true,"href":"https:\/\/teddybear.rs\/hu\/wp-json\/wp\/v2\/product_brand?post=2339"},{"taxonomy":"product_cat","embeddable":true,"href":"https:\/\/teddybear.rs\/hu\/wp-json\/wp\/v2\/product_cat?post=2339"},{"taxonomy":"product_tag","embeddable":true,"href":"https:\/\/teddybear.rs\/hu\/wp-json\/wp\/v2\/product_tag?post=2339"}],"curies":[{"name":"wp","href":"https:\/\/api.w.org\/{rel}","templated":true}]}}